{"id":770,"date":"2019-02-28T11:45:15","date_gmt":"2019-02-28T09:45:15","guid":{"rendered":"http:\/\/chezar.sk\/?page_id=770"},"modified":"2021-03-03T17:33:54","modified_gmt":"2021-03-03T15:33:54","slug":"life-science","status":"publish","type":"page","link":"https:\/\/chezar.sk\/en\/life-science\/","title":{"rendered":"Life Science"},"content":{"rendered":"<div data-elementor-type=\"wp-post\" data-elementor-id=\"770\" class=\"elementor elementor-770\" data-elementor-settings=\"[]\">\n\t\t\t\t\t\t<div class=\"elementor-inner\">\n\t\t\t\t\t\t\t<div class=\"elementor-section-wrap\">\n\t\t\t\t\t\t\t<section class=\"elementor-section elementor-top-section elementor-element elementor-element-734c5d32 elementor-section-full_width elementor-section-height-min-height elementor-section-height-default elementor-section-items-middle\" data-id=\"734c5d32\" data-element_type=\"section\" data-settings=\"{&quot;background_background&quot;:&quot;classic&quot;}\">\n\t\t\t\t\t\t\t<div class=\"elementor-background-overlay\"><\/div>\n\t\t\t\t\t\t\t<div class=\"elementor-container elementor-column-gap-default\">\n\t\t\t\t\t\t\t<div class=\"elementor-row\">\n\t\t\t\t\t<div class=\"elementor-column elementor-col-100 elementor-top-column elementor-element elementor-element-42cb19d2\" data-id=\"42cb19d2\" data-element_type=\"column\">\n\t\t\t<div class=\"elementor-column-wrap elementor-element-populated\">\n\t\t\t\t\t\t\t<div class=\"elementor-widget-wrap\">\n\t\t\t\t\t\t<div class=\"elementor-element elementor-element-1aa452e elementor-widget elementor-widget-heading\" data-id=\"1aa452e\" data-element_type=\"widget\" data-widget_type=\"heading.default\">\n\t\t\t\t<div class=\"elementor-widget-container\">\n\t\t\t<h2 class=\"elementor-heading-title elementor-size-default\">life science<\/h2>\t\t<\/div>\n\t\t\t\t<\/div>\n\t\t\t\t\t\t<\/div>\n\t\t\t\t\t<\/div>\n\t\t<\/div>\n\t\t\t\t\t\t\t\t<\/div>\n\t\t\t\t\t<\/div>\n\t\t<\/section>\n\t\t\t\t<section class=\"elementor-section elementor-top-section elementor-element elementor-element-f361b51 elementor-section-boxed elementor-section-height-default elementor-section-height-default\" data-id=\"f361b51\" data-element_type=\"section\">\n\t\t\t\t\t\t<div class=\"elementor-container elementor-column-gap-default\">\n\t\t\t\t\t\t\t<div class=\"elementor-row\">\n\t\t\t\t\t<div class=\"elementor-column elementor-col-100 elementor-top-column elementor-element elementor-element-362f5a0\" data-id=\"362f5a0\" data-element_type=\"column\">\n\t\t\t<div class=\"elementor-column-wrap elementor-element-populated\">\n\t\t\t\t\t\t\t<div class=\"elementor-widget-wrap\">\n\t\t\t\t\t\t<section class=\"elementor-section elementor-inner-section elementor-element elementor-element-0870999 elementor-section-boxed elementor-section-height-default elementor-section-height-default\" data-id=\"0870999\" data-element_type=\"section\">\n\t\t\t\t\t\t<div class=\"elementor-container elementor-column-gap-default\">\n\t\t\t\t\t\t\t<div class=\"elementor-row\">\n\t\t\t\t\t<div class=\"elementor-column elementor-col-50 elementor-inner-column elementor-element elementor-element-0709027\" data-id=\"0709027\" data-element_type=\"column\">\n\t\t\t<div class=\"elementor-column-wrap elementor-element-populated\">\n\t\t\t\t\t\t\t<div class=\"elementor-widget-wrap\">\n\t\t\t\t\t\t<div class=\"elementor-element elementor-element-db0d2fd elementor-widget elementor-widget-heading\" data-id=\"db0d2fd\" data-element_type=\"widget\" data-widget_type=\"heading.default\">\n\t\t\t\t<div class=\"elementor-widget-container\">\n\t\t\t<h2 class=\"elementor-heading-title elementor-size-default\">APPLICATIONS<\/h2>\t\t<\/div>\n\t\t\t\t<\/div>\n\t\t\t\t<div class=\"elementor-element elementor-element-cfd8fb4 elementor-hidden-phone elementor-widget elementor-widget-text-editor\" data-id=\"cfd8fb4\" data-element_type=\"widget\" data-widget_type=\"text-editor.default\">\n\t\t\t\t<div class=\"elementor-widget-container\">\n\t\t\t\t\t<div class=\"elementor-text-editor elementor-clearfix\"><p>\nKoncentr\u00e1cia a purifik\u00e1cia akt\u00edvnych farmaceutick\u00fdch zlo\u017eiek<br>Odstra\u0148ovanie endotox\u00ednov z vody<br>Koncentr\u00e1cia a purifik\u00e1cia enz\u00fdmov a prote\u00ednov<br><br><\/p><\/div>\n\t\t\t\t<\/div>\n\t\t\t\t<\/div>\n\t\t\t\t<div class=\"elementor-element elementor-element-c97c38a elementor-hidden-desktop elementor-hidden-tablet elementor-widget elementor-widget-text-editor\" data-id=\"c97c38a\" data-element_type=\"widget\" data-widget_type=\"text-editor.default\">\n\t\t\t\t<div class=\"elementor-widget-container\">\n\t\t\t\t\t<div class=\"elementor-text-editor elementor-clearfix\">Koncentr\u00e1cia a purifik\u00e1cia akt\u00edvnych farmaceutick\u00fdch zlo\u017eiek<br>\nOdstra\u0148ovanie endotox\u00ednov z vody<br>\nKoncentr\u00e1cia a purifik\u00e1cia enz\u00fdmov a prote\u00ednov\n<span style=\"font-family: Nunito, sans-serif; font-size: 17px; font-style: normal; font-variant-ligatures: normal; font-variant-caps: normal; font-weight: 400;\"><br>Concentration and purification of bacterial and viral antigens<\/span>\n<span style=\"font-family: Nunito, sans-serif; font-size: 17px; font-style: normal; font-variant-ligatures: normal; font-variant-caps: normal; font-weight: 400;\"><br>Recovery of lyes and acids from CIP streams<\/span><\/div>\n\t\t\t\t<\/div>\n\t\t\t\t<\/div>\n\t\t\t\t\t\t<\/div>\n\t\t\t\t\t<\/div>\n\t\t<\/div>\n\t\t\t\t<div class=\"elementor-column elementor-col-50 elementor-inner-column elementor-element elementor-element-cd48e38\" data-id=\"cd48e38\" data-element_type=\"column\">\n\t\t\t<div class=\"elementor-column-wrap elementor-element-populated\">\n\t\t\t\t\t\t\t<div class=\"elementor-widget-wrap\">\n\t\t\t\t\t\t<div class=\"elementor-element elementor-element-fc726b4 elementor-hidden-phone elementor-widget elementor-widget-text-editor\" data-id=\"fc726b4\" data-element_type=\"widget\" data-widget_type=\"text-editor.default\">\n\t\t\t\t<div class=\"elementor-widget-container\">\n\t\t\t\t\t<div class=\"elementor-text-editor elementor-clearfix\"><p>Concentration and purification of bacterial and viral antigens<br \/>Recovery of lyes and acids from CIP streams<\/p><\/div>\n\t\t\t\t<\/div>\n\t\t\t\t<\/div>\n\t\t\t\t\t\t<\/div>\n\t\t\t\t\t<\/div>\n\t\t<\/div>\n\t\t\t\t\t\t\t\t<\/div>\n\t\t\t\t\t<\/div>\n\t\t<\/section>\n\t\t\t\t\t\t<\/div>\n\t\t\t\t\t<\/div>\n\t\t<\/div>\n\t\t\t\t\t\t\t\t<\/div>\n\t\t\t\t\t<\/div>\n\t\t<\/section>\n\t\t\t\t<section class=\"elementor-section elementor-top-section elementor-element elementor-element-50f90bb5 elementor-section-boxed elementor-section-height-default elementor-section-height-default\" data-id=\"50f90bb5\" data-element_type=\"section\" data-settings=\"{&quot;background_background&quot;:&quot;classic&quot;}\">\n\t\t\t\t\t\t<div class=\"elementor-container elementor-column-gap-default\">\n\t\t\t\t\t\t\t<div class=\"elementor-row\">\n\t\t\t\t\t<div class=\"elementor-column elementor-col-50 elementor-top-column elementor-element elementor-element-fec2708\" data-id=\"fec2708\" data-element_type=\"column\">\n\t\t\t<div class=\"elementor-column-wrap elementor-element-populated\">\n\t\t\t\t\t\t\t<div class=\"elementor-widget-wrap\">\n\t\t\t\t\t\t<div class=\"elementor-element elementor-element-11ce77b7 elementor-widget elementor-widget-heading\" data-id=\"11ce77b7\" data-element_type=\"widget\" data-widget_type=\"heading.default\">\n\t\t\t\t<div class=\"elementor-widget-container\">\n\t\t\t<h3 class=\"elementor-heading-title elementor-size-large\">Pharmaceutical industry<\/h3>\t\t<\/div>\n\t\t\t\t<\/div>\n\t\t\t\t<div class=\"elementor-element elementor-element-59b7f7dc elementor-widget elementor-widget-text-editor\" data-id=\"59b7f7dc\" data-element_type=\"widget\" data-widget_type=\"text-editor.default\">\n\t\t\t\t<div class=\"elementor-widget-container\">\n\t\t\t\t\t<div class=\"elementor-text-editor elementor-clearfix\"><p>Our membrane systems are successfully replace centrifugation, extraction and rotary vacuum filters in the food and pharmaceutical industries in the production of vaccines, antibiotics, diagnostic and processing enzymes, monoclonal antibodies or pharmacological peptides and amino acids.<\/p><\/div>\n\t\t\t\t<\/div>\n\t\t\t\t<\/div>\n\t\t\t\t\t\t<\/div>\n\t\t\t\t\t<\/div>\n\t\t<\/div>\n\t\t\t\t<div class=\"elementor-column elementor-col-50 elementor-top-column elementor-element elementor-element-4f732300\" data-id=\"4f732300\" data-element_type=\"column\">\n\t\t\t<div class=\"elementor-column-wrap elementor-element-populated\">\n\t\t\t\t\t\t\t<div class=\"elementor-widget-wrap\">\n\t\t\t\t\t\t<div class=\"elementor-element elementor-element-3fded4dc elementor-widget elementor-widget-image\" data-id=\"3fded4dc\" data-element_type=\"widget\" data-widget_type=\"image.default\">\n\t\t\t\t<div class=\"elementor-widget-container\">\n\t\t\t\t\t<div class=\"elementor-image\">\n\t\t\t\t\t\t\t\t\t\t<img width=\"2560\" height=\"1707\" src=\"https:\/\/chezar.sk\/wp-content\/uploads\/2020\/04\/laurynas-mereckas-1TL8AoEDj_c-unsplash-scaled.jpg\" class=\"attachment-full size-full\" alt=\"\" loading=\"lazy\" srcset=\"https:\/\/chezar.sk\/wp-content\/uploads\/2020\/04\/laurynas-mereckas-1TL8AoEDj_c-unsplash-scaled.jpg 2560w, https:\/\/chezar.sk\/wp-content\/uploads\/2020\/04\/laurynas-mereckas-1TL8AoEDj_c-unsplash-300x200.jpg 300w, https:\/\/chezar.sk\/wp-content\/uploads\/2020\/04\/laurynas-mereckas-1TL8AoEDj_c-unsplash-1024x683.jpg 1024w, https:\/\/chezar.sk\/wp-content\/uploads\/2020\/04\/laurynas-mereckas-1TL8AoEDj_c-unsplash-768x512.jpg 768w, https:\/\/chezar.sk\/wp-content\/uploads\/2020\/04\/laurynas-mereckas-1TL8AoEDj_c-unsplash-1536x1024.jpg 1536w, https:\/\/chezar.sk\/wp-content\/uploads\/2020\/04\/laurynas-mereckas-1TL8AoEDj_c-unsplash-2048x1365.jpg 2048w\" sizes=\"(max-width: 2560px) 100vw, 2560px\" \/>\t\t\t\t\t\t\t\t\t\t\t<\/div>\n\t\t\t\t<\/div>\n\t\t\t\t<\/div>\n\t\t\t\t\t\t<\/div>\n\t\t\t\t\t<\/div>\n\t\t<\/div>\n\t\t\t\t\t\t\t\t<\/div>\n\t\t\t\t\t<\/div>\n\t\t<\/section>\n\t\t\t\t<section class=\"elementor-section elementor-top-section elementor-element elementor-element-a429722 elementor-section-boxed elementor-section-height-default elementor-section-height-default\" data-id=\"a429722\" data-element_type=\"section\" data-settings=\"{&quot;background_background&quot;:&quot;classic&quot;}\">\n\t\t\t\t\t\t<div class=\"elementor-container elementor-column-gap-no\">\n\t\t\t\t\t\t\t<div class=\"elementor-row\">\n\t\t\t\t\t<div class=\"elementor-column elementor-col-50 elementor-top-column elementor-element elementor-element-ea35934\" data-id=\"ea35934\" data-element_type=\"column\">\n\t\t\t<div class=\"elementor-column-wrap elementor-element-populated\">\n\t\t\t\t\t\t\t<div class=\"elementor-widget-wrap\">\n\t\t\t\t\t\t<div class=\"elementor-element elementor-element-0f81b2f elementor-hidden-phone elementor-widget elementor-widget-image\" data-id=\"0f81b2f\" data-element_type=\"widget\" data-widget_type=\"image.default\">\n\t\t\t\t<div class=\"elementor-widget-container\">\n\t\t\t\t\t<div class=\"elementor-image\">\n\t\t\t\t\t\t\t\t\t\t<img width=\"2560\" height=\"1707\" src=\"https:\/\/chezar.sk\/wp-content\/uploads\/2020\/04\/hans-reniers-lQGJCMY5qcM-unsplash-scaled.jpg\" class=\"attachment-full size-full\" alt=\"\" loading=\"lazy\" srcset=\"https:\/\/chezar.sk\/wp-content\/uploads\/2020\/04\/hans-reniers-lQGJCMY5qcM-unsplash-scaled.jpg 2560w, https:\/\/chezar.sk\/wp-content\/uploads\/2020\/04\/hans-reniers-lQGJCMY5qcM-unsplash-300x200.jpg 300w, https:\/\/chezar.sk\/wp-content\/uploads\/2020\/04\/hans-reniers-lQGJCMY5qcM-unsplash-1024x683.jpg 1024w, https:\/\/chezar.sk\/wp-content\/uploads\/2020\/04\/hans-reniers-lQGJCMY5qcM-unsplash-768x512.jpg 768w, https:\/\/chezar.sk\/wp-content\/uploads\/2020\/04\/hans-reniers-lQGJCMY5qcM-unsplash-1536x1024.jpg 1536w, https:\/\/chezar.sk\/wp-content\/uploads\/2020\/04\/hans-reniers-lQGJCMY5qcM-unsplash-2048x1365.jpg 2048w\" sizes=\"(max-width: 2560px) 100vw, 2560px\" \/>\t\t\t\t\t\t\t\t\t\t\t<\/div>\n\t\t\t\t<\/div>\n\t\t\t\t<\/div>\n\t\t\t\t\t\t<\/div>\n\t\t\t\t\t<\/div>\n\t\t<\/div>\n\t\t\t\t<div class=\"elementor-column elementor-col-50 elementor-top-column elementor-element elementor-element-590843c\" data-id=\"590843c\" data-element_type=\"column\">\n\t\t\t<div class=\"elementor-column-wrap elementor-element-populated\">\n\t\t\t\t\t\t\t<div class=\"elementor-widget-wrap\">\n\t\t\t\t\t\t<div class=\"elementor-element elementor-element-afe086a elementor-widget elementor-widget-heading\" data-id=\"afe086a\" data-element_type=\"widget\" data-widget_type=\"heading.default\">\n\t\t\t\t<div class=\"elementor-widget-container\">\n\t\t\t<h3 class=\"elementor-heading-title elementor-size-large\">Biotechnology<\/h3>\t\t<\/div>\n\t\t\t\t<\/div>\n\t\t\t\t<div class=\"elementor-element elementor-element-5cb9095 elementor-widget elementor-widget-text-editor\" data-id=\"5cb9095\" data-element_type=\"widget\" data-widget_type=\"text-editor.default\">\n\t\t\t\t<div class=\"elementor-widget-container\">\n\t\t\t\t\t<div class=\"elementor-text-editor elementor-clearfix\"><p>Membrane technology finds application in biotechnology in the separation of living matter from the medium. We offer filtration technologies that concentrate, clarify and purify selected components with high yield and low financial costs.<\/p><\/div>\n\t\t\t\t<\/div>\n\t\t\t\t<\/div>\n\t\t\t\t<div class=\"elementor-element elementor-element-afc35f0 elementor-hidden-desktop elementor-hidden-tablet elementor-widget elementor-widget-image\" data-id=\"afc35f0\" data-element_type=\"widget\" data-widget_type=\"image.default\">\n\t\t\t\t<div class=\"elementor-widget-container\">\n\t\t\t\t\t<div class=\"elementor-image\">\n\t\t\t\t\t\t\t\t\t\t<img width=\"2560\" height=\"1707\" src=\"https:\/\/chezar.sk\/wp-content\/uploads\/2020\/04\/hans-reniers-lQGJCMY5qcM-unsplash-scaled.jpg\" class=\"attachment-full size-full\" alt=\"\" loading=\"lazy\" srcset=\"https:\/\/chezar.sk\/wp-content\/uploads\/2020\/04\/hans-reniers-lQGJCMY5qcM-unsplash-scaled.jpg 2560w, https:\/\/chezar.sk\/wp-content\/uploads\/2020\/04\/hans-reniers-lQGJCMY5qcM-unsplash-300x200.jpg 300w, https:\/\/chezar.sk\/wp-content\/uploads\/2020\/04\/hans-reniers-lQGJCMY5qcM-unsplash-1024x683.jpg 1024w, https:\/\/chezar.sk\/wp-content\/uploads\/2020\/04\/hans-reniers-lQGJCMY5qcM-unsplash-768x512.jpg 768w, https:\/\/chezar.sk\/wp-content\/uploads\/2020\/04\/hans-reniers-lQGJCMY5qcM-unsplash-1536x1024.jpg 1536w, https:\/\/chezar.sk\/wp-content\/uploads\/2020\/04\/hans-reniers-lQGJCMY5qcM-unsplash-2048x1365.jpg 2048w\" sizes=\"(max-width: 2560px) 100vw, 2560px\" \/>\t\t\t\t\t\t\t\t\t\t\t<\/div>\n\t\t\t\t<\/div>\n\t\t\t\t<\/div>\n\t\t\t\t\t\t<\/div>\n\t\t\t\t\t<\/div>\n\t\t<\/div>\n\t\t\t\t\t\t\t\t<\/div>\n\t\t\t\t\t<\/div>\n\t\t<\/section>\n\t\t\t\t<section class=\"elementor-section elementor-top-section elementor-element elementor-element-386789d1 elementor-section-boxed elementor-section-height-default elementor-section-height-default\" data-id=\"386789d1\" data-element_type=\"section\">\n\t\t\t\t\t\t<div class=\"elementor-container elementor-column-gap-default\">\n\t\t\t\t\t\t\t<div class=\"elementor-row\">\n\t\t\t\t\t<div class=\"elementor-column elementor-col-100 elementor-top-column elementor-element elementor-element-104bbabe\" data-id=\"104bbabe\" data-element_type=\"column\">\n\t\t\t<div class=\"elementor-column-wrap elementor-element-populated\">\n\t\t\t\t\t\t\t<div class=\"elementor-widget-wrap\">\n\t\t\t\t\t\t<div class=\"elementor-element elementor-element-38529782 elementor-align-center elementor-widget elementor-widget-button\" data-id=\"38529782\" data-element_type=\"widget\" data-widget_type=\"button.default\">\n\t\t\t\t<div class=\"elementor-widget-container\">\n\t\t\t\t\t<div class=\"elementor-button-wrapper\">\n\t\t\t<a href=\"\/en\/kontakt\/\" class=\"elementor-button-link elementor-button elementor-size-sm\" role=\"button\">\n\t\t\t\t\t\t<span class=\"elementor-button-content-wrapper\">\n\t\t\t\t\t\t<span class=\"elementor-button-text\">CONTACT US<\/span>\n\t\t<\/span>\n\t\t\t\t\t<\/a>\n\t\t<\/div>\n\t\t\t\t<\/div>\n\t\t\t\t<\/div>\n\t\t\t\t\t\t<\/div>\n\t\t\t\t\t<\/div>\n\t\t<\/div>\n\t\t\t\t\t\t\t\t<\/div>\n\t\t\t\t\t<\/div>\n\t\t<\/section>\n\t\t\t\t\t\t<\/div>\n\t\t\t\t\t\t<\/div>\n\t\t\t\t\t<\/div>","protected":false},"excerpt":{"rendered":"<p>life science APLIK\u00c1CIE Koncentr\u00e1cia a purifik\u00e1cia akt\u00edvnych farmaceutick\u00fdch zlo\u017eiekOdstra\u0148ovanie endotox\u00ednov z vodyKoncentr\u00e1cia a purifik\u00e1cia enz\u00fdmov a prote\u00ednov Koncentr\u00e1cia a purifik\u00e1cia akt\u00edvnych farmaceutick\u00fdch zlo\u017eiek Odstra\u0148ovanie endotox\u00ednov z vody Koncentr\u00e1cia a purifik\u00e1cia enz\u00fdmov a prote\u00ednov Koncentr\u00e1cia a purifik\u00e1cia bakteri\u00e1lnych a v\u00edrusov\u00fdch antig\u00e9nov Obnova l\u00fahov a kysel\u00edn zo CIP-pr\u00fadov Koncentr\u00e1cia a purifik\u00e1cia bakteri\u00e1lnych a v\u00edrusov\u00fdch antig\u00e9novObnova l\u00fahov a [&hellip;]<\/p>","protected":false},"author":1,"featured_media":0,"parent":0,"menu_order":0,"comment_status":"closed","ping_status":"closed","template":"","meta":[],"yoast_head":"<!-- This site is optimized with the Yoast SEO plugin v16.0.2 - https:\/\/yoast.com\/wordpress\/plugins\/seo\/ -->\n<title>Life Science - CHEZAR spol. s r.o.<\/title>\n<link rel=\"canonical\" href=\"https:\/\/chezar.sk\/en\/life-science\/\" \/>\n<meta property=\"og:locale\" content=\"en_GB\" \/>\n<meta property=\"og:type\" content=\"article\" \/>\n<meta property=\"og:title\" content=\"Life Science - CHEZAR spol. s r.o.\" \/>\n<meta property=\"og:description\" content=\"life science APLIK\u00c1CIE Koncentr\u00e1cia a purifik\u00e1cia akt\u00edvnych farmaceutick\u00fdch zlo\u017eiekOdstra\u0148ovanie endotox\u00ednov z vodyKoncentr\u00e1cia a purifik\u00e1cia enz\u00fdmov a prote\u00ednov Koncentr\u00e1cia a purifik\u00e1cia akt\u00edvnych farmaceutick\u00fdch zlo\u017eiek Odstra\u0148ovanie endotox\u00ednov z vody Koncentr\u00e1cia a purifik\u00e1cia enz\u00fdmov a prote\u00ednov Koncentr\u00e1cia a purifik\u00e1cia bakteri\u00e1lnych a v\u00edrusov\u00fdch antig\u00e9nov Obnova l\u00fahov a kysel\u00edn zo CIP-pr\u00fadov Koncentr\u00e1cia a purifik\u00e1cia bakteri\u00e1lnych a v\u00edrusov\u00fdch antig\u00e9novObnova l\u00fahov a [&hellip;]\" \/>\n<meta property=\"og:url\" content=\"https:\/\/chezar.sk\/en\/life-science\/\" \/>\n<meta property=\"og:site_name\" content=\"CHEZAR spol. s r.o.\" \/>\n<meta property=\"article:modified_time\" content=\"2021-03-03T15:33:54+00:00\" \/>\n<meta property=\"og:image\" content=\"https:\/\/chezar.sk\/wp-content\/uploads\/2020\/04\/laurynas-mereckas-1TL8AoEDj_c-unsplash-scaled.jpg\" \/>\n<meta name=\"twitter:card\" content=\"summary\" \/>\n<meta name=\"twitter:label1\" content=\"Estimated reading time\">\n\t<meta name=\"twitter:data1\" content=\"1 minute\">\n<script type=\"application\/ld+json\" class=\"yoast-schema-graph\">{\"@context\":\"https:\/\/schema.org\",\"@graph\":[{\"@type\":\"WebSite\",\"@id\":\"https:\/\/chezar.sk\/#website\",\"url\":\"https:\/\/chezar.sk\/\",\"name\":\"CHEZAR spol. s r.o.\",\"description\":\"Filtra\\u010dn\\u00e1 a separa\\u010dn\\u00e1 technika\",\"potentialAction\":[{\"@type\":\"SearchAction\",\"target\":\"https:\/\/chezar.sk\/?s={search_term_string}\",\"query-input\":\"required name=search_term_string\"}],\"inLanguage\":\"en-GB\"},{\"@type\":\"ImageObject\",\"@id\":\"https:\/\/chezar.sk\/life-science\/#primaryimage\",\"inLanguage\":\"en-GB\",\"url\":\"https:\/\/chezar.sk\/wp-content\/uploads\/2020\/04\/laurynas-mereckas-1TL8AoEDj_c-unsplash-scaled.jpg\",\"width\":2560,\"height\":1707},{\"@type\":\"WebPage\",\"@id\":\"https:\/\/chezar.sk\/life-science\/#webpage\",\"url\":\"https:\/\/chezar.sk\/life-science\/\",\"name\":\"Life Science - CHEZAR spol. s r.o.\",\"isPartOf\":{\"@id\":\"https:\/\/chezar.sk\/#website\"},\"primaryImageOfPage\":{\"@id\":\"https:\/\/chezar.sk\/life-science\/#primaryimage\"},\"datePublished\":\"2019-02-28T09:45:15+00:00\",\"dateModified\":\"2021-03-03T15:33:54+00:00\",\"breadcrumb\":{\"@id\":\"https:\/\/chezar.sk\/life-science\/#breadcrumb\"},\"inLanguage\":\"en-GB\",\"potentialAction\":[{\"@type\":\"ReadAction\",\"target\":[\"https:\/\/chezar.sk\/life-science\/\"]}]},{\"@type\":\"BreadcrumbList\",\"@id\":\"https:\/\/chezar.sk\/life-science\/#breadcrumb\",\"itemListElement\":[{\"@type\":\"ListItem\",\"position\":1,\"item\":{\"@type\":\"WebPage\",\"@id\":\"https:\/\/chezar.sk\/\",\"url\":\"https:\/\/chezar.sk\/\",\"name\":\"Domovsk\\u00e1 str\\u00e1nka\"}},{\"@type\":\"ListItem\",\"position\":2,\"item\":{\"@type\":\"WebPage\",\"@id\":\"https:\/\/chezar.sk\/life-science\/\",\"url\":\"https:\/\/chezar.sk\/life-science\/\",\"name\":\"Life Science\"}}]}]}<\/script>\n<!-- \/ Yoast SEO plugin. -->","uagb_featured_image_src":{"full":false,"thumbnail":false,"medium":false,"medium_large":false,"large":false,"1536x1536":false,"2048x2048":false,"trp-custom-language-flag":false},"uagb_author_info":{"display_name":"AnnaV","author_link":"https:\/\/chezar.sk\/en\/author\/annav\/"},"uagb_comment_info":0,"uagb_excerpt":"life science APLIK\u00c1CIE Koncentr\u00e1cia a purifik\u00e1cia akt\u00edvnych farmaceutick\u00fdch zlo\u017eiekOdstra\u0148ovanie endotox\u00ednov z vodyKoncentr\u00e1cia a purifik\u00e1cia enz\u00fdmov a prote\u00ednov Koncentr\u00e1cia a purifik\u00e1cia akt\u00edvnych farmaceutick\u00fdch zlo\u017eiek Odstra\u0148ovanie endotox\u00ednov z vody Koncentr\u00e1cia a purifik\u00e1cia enz\u00fdmov a prote\u00ednov Koncentr\u00e1cia a purifik\u00e1cia bakteri\u00e1lnych a v\u00edrusov\u00fdch antig\u00e9nov Obnova l\u00fahov a kysel\u00edn zo CIP-pr\u00fadov Koncentr\u00e1cia a purifik\u00e1cia bakteri\u00e1lnych a v\u00edrusov\u00fdch antig\u00e9novObnova l\u00fahov a&hellip;","_links":{"self":[{"href":"https:\/\/chezar.sk\/en\/wp-json\/wp\/v2\/pages\/770"}],"collection":[{"href":"https:\/\/chezar.sk\/en\/wp-json\/wp\/v2\/pages"}],"about":[{"href":"https:\/\/chezar.sk\/en\/wp-json\/wp\/v2\/types\/page"}],"author":[{"embeddable":true,"href":"https:\/\/chezar.sk\/en\/wp-json\/wp\/v2\/users\/1"}],"replies":[{"embeddable":true,"href":"https:\/\/chezar.sk\/en\/wp-json\/wp\/v2\/comments?post=770"}],"version-history":[{"count":6,"href":"https:\/\/chezar.sk\/en\/wp-json\/wp\/v2\/pages\/770\/revisions"}],"predecessor-version":[{"id":1937,"href":"https:\/\/chezar.sk\/en\/wp-json\/wp\/v2\/pages\/770\/revisions\/1937"}],"wp:attachment":[{"href":"https:\/\/chezar.sk\/en\/wp-json\/wp\/v2\/media?parent=770"}],"curies":[{"name":"wp","href":"https:\/\/api.w.org\/{rel}","templated":true}]}}