{"id":635,"date":"2019-02-26T17:01:32","date_gmt":"2019-02-26T15:01:32","guid":{"rendered":"http:\/\/chezar.sk\/?page_id=635"},"modified":"2021-03-03T17:51:29","modified_gmt":"2021-03-03T15:51:29","slug":"uprava-vina","status":"publish","type":"page","link":"https:\/\/chezar.sk\/en\/uprava-vina\/","title":{"rendered":"Wine treatment"},"content":{"rendered":"<div data-elementor-type=\"wp-post\" data-elementor-id=\"635\" class=\"elementor elementor-635\" data-elementor-settings=\"[]\">\n\t\t\t\t\t\t<div class=\"elementor-inner\">\n\t\t\t\t\t\t\t<div class=\"elementor-section-wrap\">\n\t\t\t\t\t\t\t<section class=\"elementor-section elementor-top-section elementor-element elementor-element-66b4c950 elementor-section-full_width elementor-section-height-min-height elementor-section-height-default elementor-section-items-middle\" data-id=\"66b4c950\" data-element_type=\"section\" data-settings=\"{&quot;background_background&quot;:&quot;classic&quot;}\">\n\t\t\t\t\t\t\t<div class=\"elementor-background-overlay\"><\/div>\n\t\t\t\t\t\t\t<div class=\"elementor-container elementor-column-gap-default\">\n\t\t\t\t\t\t\t<div class=\"elementor-row\">\n\t\t\t\t\t<div class=\"elementor-column elementor-col-100 elementor-top-column elementor-element elementor-element-7959d518\" data-id=\"7959d518\" data-element_type=\"column\">\n\t\t\t<div class=\"elementor-column-wrap elementor-element-populated\">\n\t\t\t\t\t\t\t<div class=\"elementor-widget-wrap\">\n\t\t\t\t\t\t<div class=\"elementor-element elementor-element-293fe238 elementor-widget elementor-widget-heading\" data-id=\"293fe238\" data-element_type=\"widget\" data-widget_type=\"heading.default\">\n\t\t\t\t<div class=\"elementor-widget-container\">\n\t\t\t<h2 class=\"elementor-heading-title elementor-size-default\">wine treatment<\/h2>\t\t<\/div>\n\t\t\t\t<\/div>\n\t\t\t\t\t\t<\/div>\n\t\t\t\t\t<\/div>\n\t\t<\/div>\n\t\t\t\t\t\t\t\t<\/div>\n\t\t\t\t\t<\/div>\n\t\t<\/section>\n\t\t\t\t<section class=\"elementor-section elementor-top-section elementor-element elementor-element-ff76392 elementor-section-boxed elementor-section-height-default elementor-section-height-default\" data-id=\"ff76392\" data-element_type=\"section\" data-settings=\"{&quot;background_background&quot;:&quot;classic&quot;}\">\n\t\t\t\t\t\t<div class=\"elementor-container elementor-column-gap-default\">\n\t\t\t\t\t\t\t<div class=\"elementor-row\">\n\t\t\t\t\t<div class=\"elementor-column elementor-col-100 elementor-top-column elementor-element elementor-element-ab65bbe\" data-id=\"ab65bbe\" data-element_type=\"column\">\n\t\t\t<div class=\"elementor-column-wrap elementor-element-populated\">\n\t\t\t\t\t\t\t<div class=\"elementor-widget-wrap\">\n\t\t\t\t\t\t<section class=\"elementor-section elementor-inner-section elementor-element elementor-element-406cd37 elementor-section-boxed elementor-section-height-default elementor-section-height-default\" data-id=\"406cd37\" data-element_type=\"section\">\n\t\t\t\t\t\t<div class=\"elementor-container elementor-column-gap-default\">\n\t\t\t\t\t\t\t<div class=\"elementor-row\">\n\t\t\t\t\t<div class=\"elementor-column elementor-col-50 elementor-inner-column elementor-element elementor-element-7df5503\" data-id=\"7df5503\" data-element_type=\"column\">\n\t\t\t<div class=\"elementor-column-wrap elementor-element-populated\">\n\t\t\t\t\t\t\t<div class=\"elementor-widget-wrap\">\n\t\t\t\t\t\t<div class=\"elementor-element elementor-element-b61705d elementor-widget elementor-widget-heading\" data-id=\"b61705d\" data-element_type=\"widget\" data-widget_type=\"heading.default\">\n\t\t\t\t<div class=\"elementor-widget-container\">\n\t\t\t<h2 class=\"elementor-heading-title elementor-size-default\">MICROFILTRATION<\/h2>\t\t<\/div>\n\t\t\t\t<\/div>\n\t\t\t\t<div class=\"elementor-element elementor-element-be5f14e elementor-widget elementor-widget-text-editor\" data-id=\"be5f14e\" data-element_type=\"widget\" data-widget_type=\"text-editor.default\">\n\t\t\t\t<div class=\"elementor-widget-container\">\n\t\t\t\t\t<div class=\"elementor-text-editor elementor-clearfix\"><p style=\"font-variant-ligatures: normal; font-variant-caps: normal; font-family: Nunito, sans-serif; font-size: 17px; font-style: normal; font-weight: 400; color: #6d7072;>Spolo\u010dnos\u0165 CHEZAR pon\u00faka syst\u00e9my cross flow mikrofiltr\u00e1cie na klarifik\u00e1ciu v\u00edna.\u00a0<em style=\"font-size: 17px;\">ON\/OFF<\/em>\u00a0systems are designed for smaller volumes, medium or large volumes are either semi-automated or fully automated. Thanks to the used membranes developed exclusively for clarification, the wine retains its taste, color, aroma as well as the substances.<\/p>\n<p style=\"font-variant-ligatures: normal; font-variant-caps: normal; font-family: Nunito, sans-serif; font-size: 17px; font-style: normal; font-weight: 400; color: #6d7072;\">The design of the devices is based on the needs of the customer, it is possible to oversize the manually controlled device for flows of approx. 500L \/ h. CHEZAR also offers cross flow microfiltration for rent.<\/p><\/div>\n\t\t\t\t<\/div>\n\t\t\t\t<\/div>\n\t\t\t\t\t\t<\/div>\n\t\t\t\t\t<\/div>\n\t\t<\/div>\n\t\t\t\t<div class=\"elementor-column elementor-col-50 elementor-inner-column elementor-element elementor-element-209a772\" data-id=\"209a772\" data-element_type=\"column\">\n\t\t\t<div class=\"elementor-column-wrap elementor-element-populated\">\n\t\t\t\t\t\t\t<div class=\"elementor-widget-wrap\">\n\t\t\t\t\t\t<div class=\"elementor-element elementor-element-2cca551 elementor-widget elementor-widget-image\" data-id=\"2cca551\" data-element_type=\"widget\" data-widget_type=\"image.default\">\n\t\t\t\t<div class=\"elementor-widget-container\">\n\t\t\t\t\t<div class=\"elementor-image\">\n\t\t\t\t\t\t\t\t\t\t<img width=\"1024\" height=\"683\" src=\"https:\/\/chezar.sk\/wp-content\/uploads\/2020\/04\/zan-WrueFKpTlQs-unsplash-1024x683.jpg\" class=\"attachment-large size-large\" alt=\"\" loading=\"lazy\" srcset=\"https:\/\/chezar.sk\/wp-content\/uploads\/2020\/04\/zan-WrueFKpTlQs-unsplash-1024x683.jpg 1024w, https:\/\/chezar.sk\/wp-content\/uploads\/2020\/04\/zan-WrueFKpTlQs-unsplash-300x200.jpg 300w, https:\/\/chezar.sk\/wp-content\/uploads\/2020\/04\/zan-WrueFKpTlQs-unsplash-768x512.jpg 768w, https:\/\/chezar.sk\/wp-content\/uploads\/2020\/04\/zan-WrueFKpTlQs-unsplash-1536x1024.jpg 1536w, https:\/\/chezar.sk\/wp-content\/uploads\/2020\/04\/zan-WrueFKpTlQs-unsplash-2048x1365.jpg 2048w\" sizes=\"(max-width: 1024px) 100vw, 1024px\" \/>\t\t\t\t\t\t\t\t\t\t\t<\/div>\n\t\t\t\t<\/div>\n\t\t\t\t<\/div>\n\t\t\t\t\t\t<\/div>\n\t\t\t\t\t<\/div>\n\t\t<\/div>\n\t\t\t\t\t\t\t\t<\/div>\n\t\t\t\t\t<\/div>\n\t\t<\/section>\n\t\t\t\t\t\t<\/div>\n\t\t\t\t\t<\/div>\n\t\t<\/div>\n\t\t\t\t\t\t\t\t<\/div>\n\t\t\t\t\t<\/div>\n\t\t<\/section>\n\t\t\t\t<section class=\"elementor-section elementor-top-section elementor-element elementor-element-ef3141d elementor-section-boxed elementor-section-height-default elementor-section-height-default\" data-id=\"ef3141d\" data-element_type=\"section\">\n\t\t\t\t\t\t<div class=\"elementor-container elementor-column-gap-default\">\n\t\t\t\t\t\t\t<div class=\"elementor-row\">\n\t\t\t\t\t<div class=\"elementor-column elementor-col-100 elementor-top-column elementor-element elementor-element-e901713\" data-id=\"e901713\" data-element_type=\"column\">\n\t\t\t<div class=\"elementor-column-wrap elementor-element-populated\">\n\t\t\t\t\t\t\t<div class=\"elementor-widget-wrap\">\n\t\t\t\t\t\t<div class=\"elementor-element elementor-element-6a0cf6d elementor-widget elementor-widget-text-editor\" data-id=\"6a0cf6d\" data-element_type=\"widget\" data-widget_type=\"text-editor.default\">\n\t\t\t\t<div class=\"elementor-widget-container\">\n\t\t\t\t\t<div class=\"elementor-text-editor elementor-clearfix\"><p>The biggest advantages of using microfiltration include savings of time, energy and costs.&nbsp;<span style=\"font-size: 17px;\">It is used as a substitute for&nbsp;<\/span><span style=\"font-size: 17px;\">diatomaceous earth filtration, it simplifies and speeds up the filtration process.&nbsp;<\/span><\/p><\/div>\n\t\t\t\t<\/div>\n\t\t\t\t<\/div>\n\t\t\t\t\t\t<\/div>\n\t\t\t\t\t<\/div>\n\t\t<\/div>\n\t\t\t\t\t\t\t\t<\/div>\n\t\t\t\t\t<\/div>\n\t\t<\/section>\n\t\t\t\t<section class=\"elementor-section elementor-top-section elementor-element elementor-element-83ec594 elementor-section-boxed elementor-section-height-default elementor-section-height-default\" data-id=\"83ec594\" data-element_type=\"section\" data-settings=\"{&quot;background_background&quot;:&quot;classic&quot;}\">\n\t\t\t\t\t\t<div class=\"elementor-container elementor-column-gap-default\">\n\t\t\t\t\t\t\t<div class=\"elementor-row\">\n\t\t\t\t\t<div class=\"elementor-column elementor-col-50 elementor-top-column elementor-element elementor-element-222e49d\" data-id=\"222e49d\" data-element_type=\"column\">\n\t\t\t<div class=\"elementor-column-wrap elementor-element-populated\">\n\t\t\t\t\t\t\t<div class=\"elementor-widget-wrap\">\n\t\t\t\t\t\t<div class=\"elementor-element elementor-element-94ade1a elementor-hidden-phone elementor-widget elementor-widget-image\" data-id=\"94ade1a\" data-element_type=\"widget\" data-widget_type=\"image.default\">\n\t\t\t\t<div class=\"elementor-widget-container\">\n\t\t\t\t\t<div class=\"elementor-image\">\n\t\t\t\t\t\t\t\t\t\t<img width=\"768\" height=\"815\" src=\"https:\/\/chezar.sk\/wp-content\/uploads\/2016\/04\/01-e1587223460383-768x815.jpg\" class=\"attachment-medium_large size-medium_large\" alt=\"\" loading=\"lazy\" srcset=\"https:\/\/chezar.sk\/wp-content\/uploads\/2016\/04\/01-e1587223460383-768x815.jpg 768w, https:\/\/chezar.sk\/wp-content\/uploads\/2016\/04\/01-e1587223460383-283x300.jpg 283w, https:\/\/chezar.sk\/wp-content\/uploads\/2016\/04\/01-e1587223460383-965x1024.jpg 965w, https:\/\/chezar.sk\/wp-content\/uploads\/2016\/04\/01-e1587223460383-1448x1536.jpg 1448w, https:\/\/chezar.sk\/wp-content\/uploads\/2016\/04\/01-e1587223460383-1930x2048.jpg 1930w\" sizes=\"(max-width: 768px) 100vw, 768px\" \/>\t\t\t\t\t\t\t\t\t\t\t<\/div>\n\t\t\t\t<\/div>\n\t\t\t\t<\/div>\n\t\t\t\t\t\t<\/div>\n\t\t\t\t\t<\/div>\n\t\t<\/div>\n\t\t\t\t<div class=\"elementor-column elementor-col-50 elementor-top-column elementor-element elementor-element-e53b7fe\" data-id=\"e53b7fe\" data-element_type=\"column\">\n\t\t\t<div class=\"elementor-column-wrap elementor-element-populated\">\n\t\t\t\t\t\t\t<div class=\"elementor-widget-wrap\">\n\t\t\t\t\t\t<div class=\"elementor-element elementor-element-32358430 elementor-widget elementor-widget-heading\" data-id=\"32358430\" data-element_type=\"widget\" data-widget_type=\"heading.default\">\n\t\t\t\t<div class=\"elementor-widget-container\">\n\t\t\t<h3 class=\"elementor-heading-title elementor-size-large\">description of technology<\/h3>\t\t<\/div>\n\t\t\t\t<\/div>\n\t\t\t\t<div class=\"elementor-element elementor-element-69e2b071 elementor-widget elementor-widget-text-editor\" data-id=\"69e2b071\" data-element_type=\"widget\" data-widget_type=\"text-editor.default\">\n\t\t\t\t<div class=\"elementor-widget-container\">\n\t\t\t\t\t<div class=\"elementor-text-editor elementor-clearfix\"><p>Microfiltration is a method of filtration which enable to separate suspended particles in the size of 0.1 - 10 \u03bcm (yeast 3 - 10 \u03bcm) using special membranes.\u00a0<\/p><p>Most common usage of microfiltration:<\/p><ul><li>in removing turbidity, particles and yeast from wine after the fermentation process<\/li><li>to stop the fermentation process, which allows the production of wine with a lower alcohol content and a higher sugar content<\/li><li>to delay the begining of the fermentation process by removing the yeast from the must<\/li><li>as a prevention of wine degradation by yeasts of the genus <em>Brettanomyces<\/em><\/li><\/ul><\/div>\n\t\t\t\t<\/div>\n\t\t\t\t<\/div>\n\t\t\t\t<div class=\"elementor-element elementor-element-5106119 elementor-hidden-desktop elementor-hidden-tablet elementor-widget elementor-widget-image\" data-id=\"5106119\" data-element_type=\"widget\" data-widget_type=\"image.default\">\n\t\t\t\t<div class=\"elementor-widget-container\">\n\t\t\t\t\t<div class=\"elementor-image\">\n\t\t\t\t\t\t\t\t\t\t<img width=\"768\" height=\"815\" src=\"https:\/\/chezar.sk\/wp-content\/uploads\/2016\/04\/01-e1587223460383-768x815.jpg\" class=\"attachment-medium_large size-medium_large\" alt=\"\" loading=\"lazy\" srcset=\"https:\/\/chezar.sk\/wp-content\/uploads\/2016\/04\/01-e1587223460383-768x815.jpg 768w, https:\/\/chezar.sk\/wp-content\/uploads\/2016\/04\/01-e1587223460383-283x300.jpg 283w, https:\/\/chezar.sk\/wp-content\/uploads\/2016\/04\/01-e1587223460383-965x1024.jpg 965w, https:\/\/chezar.sk\/wp-content\/uploads\/2016\/04\/01-e1587223460383-1448x1536.jpg 1448w, https:\/\/chezar.sk\/wp-content\/uploads\/2016\/04\/01-e1587223460383-1930x2048.jpg 1930w\" sizes=\"(max-width: 768px) 100vw, 768px\" \/>\t\t\t\t\t\t\t\t\t\t\t<\/div>\n\t\t\t\t<\/div>\n\t\t\t\t<\/div>\n\t\t\t\t\t\t<\/div>\n\t\t\t\t\t<\/div>\n\t\t<\/div>\n\t\t\t\t\t\t\t\t<\/div>\n\t\t\t\t\t<\/div>\n\t\t<\/section>\n\t\t\t\t<section class=\"elementor-section elementor-top-section elementor-element elementor-element-9551fe2 elementor-section-boxed elementor-section-height-default elementor-section-height-default\" data-id=\"9551fe2\" data-element_type=\"section\">\n\t\t\t\t\t\t<div class=\"elementor-container elementor-column-gap-default\">\n\t\t\t\t\t\t\t<div class=\"elementor-row\">\n\t\t\t\t\t<div class=\"elementor-column elementor-col-100 elementor-top-column elementor-element elementor-element-08a0787\" data-id=\"08a0787\" data-element_type=\"column\">\n\t\t\t<div class=\"elementor-column-wrap elementor-element-populated\">\n\t\t\t\t\t\t\t<div class=\"elementor-widget-wrap\">\n\t\t\t\t\t\t<div class=\"elementor-element elementor-element-5dbac18 elementor-align-center elementor-widget elementor-widget-button\" data-id=\"5dbac18\" data-element_type=\"widget\" data-widget_type=\"button.default\">\n\t\t\t\t<div class=\"elementor-widget-container\">\n\t\t\t\t\t<div class=\"elementor-button-wrapper\">\n\t\t\t<a href=\"\/en\/kontakt\/\" class=\"elementor-button-link elementor-button elementor-size-sm\" role=\"button\">\n\t\t\t\t\t\t<span class=\"elementor-button-content-wrapper\">\n\t\t\t\t\t\t<span class=\"elementor-button-text\">CONTACT US<\/span>\n\t\t<\/span>\n\t\t\t\t\t<\/a>\n\t\t<\/div>\n\t\t\t\t<\/div>\n\t\t\t\t<\/div>\n\t\t\t\t\t\t<\/div>\n\t\t\t\t\t<\/div>\n\t\t<\/div>\n\t\t\t\t\t\t\t\t<\/div>\n\t\t\t\t\t<\/div>\n\t\t<\/section>\n\t\t\t\t\t\t<\/div>\n\t\t\t\t\t\t<\/div>\n\t\t\t\t\t<\/div>","protected":false},"excerpt":{"rendered":"<p>\u00faprava v\u00edna MIKROFILTR\u00c1CIA<\/p>","protected":false},"author":1,"featured_media":0,"parent":0,"menu_order":0,"comment_status":"closed","ping_status":"closed","template":"","meta":[],"yoast_head":"<!-- This site is optimized with the Yoast SEO plugin v16.0.2 - https:\/\/yoast.com\/wordpress\/plugins\/seo\/ -->\n<title>\u00daprava v\u00edna - CHEZAR spol. s r.o.<\/title>\n<link rel=\"canonical\" href=\"https:\/\/chezar.sk\/en\/uprava-vina\/\" \/>\n<meta property=\"og:locale\" content=\"en_GB\" \/>\n<meta property=\"og:type\" content=\"article\" \/>\n<meta property=\"og:title\" content=\"\u00daprava v\u00edna - CHEZAR spol. s r.o.\" \/>\n<meta property=\"og:description\" content=\"\u00faprava v\u00edna MIKROFILTR\u00c1CIA\" \/>\n<meta property=\"og:url\" content=\"https:\/\/chezar.sk\/en\/uprava-vina\/\" \/>\n<meta property=\"og:site_name\" content=\"CHEZAR spol. s r.o.\" \/>\n<meta property=\"article:modified_time\" content=\"2021-03-03T15:51:29+00:00\" \/>\n<meta property=\"og:image\" content=\"https:\/\/chezar.sk\/wp-content\/uploads\/2020\/04\/zan-WrueFKpTlQs-unsplash-1024x683.jpg\" \/>\n<meta name=\"twitter:card\" content=\"summary\" \/>\n<script type=\"application\/ld+json\" class=\"yoast-schema-graph\">{\"@context\":\"https:\/\/schema.org\",\"@graph\":[{\"@type\":\"WebSite\",\"@id\":\"https:\/\/chezar.sk\/#website\",\"url\":\"https:\/\/chezar.sk\/\",\"name\":\"CHEZAR spol. s r.o.\",\"description\":\"Filtra\\u010dn\\u00e1 a separa\\u010dn\\u00e1 technika\",\"potentialAction\":[{\"@type\":\"SearchAction\",\"target\":\"https:\/\/chezar.sk\/?s={search_term_string}\",\"query-input\":\"required name=search_term_string\"}],\"inLanguage\":\"en-GB\"},{\"@type\":\"ImageObject\",\"@id\":\"https:\/\/chezar.sk\/uprava-vina\/#primaryimage\",\"inLanguage\":\"en-GB\",\"url\":\"https:\/\/chezar.sk\/wp-content\/uploads\/2020\/04\/zan-WrueFKpTlQs-unsplash-1024x683.jpg\"},{\"@type\":\"WebPage\",\"@id\":\"https:\/\/chezar.sk\/uprava-vina\/#webpage\",\"url\":\"https:\/\/chezar.sk\/uprava-vina\/\",\"name\":\"\\u00daprava v\\u00edna - CHEZAR spol. s r.o.\",\"isPartOf\":{\"@id\":\"https:\/\/chezar.sk\/#website\"},\"primaryImageOfPage\":{\"@id\":\"https:\/\/chezar.sk\/uprava-vina\/#primaryimage\"},\"datePublished\":\"2019-02-26T15:01:32+00:00\",\"dateModified\":\"2021-03-03T15:51:29+00:00\",\"breadcrumb\":{\"@id\":\"https:\/\/chezar.sk\/uprava-vina\/#breadcrumb\"},\"inLanguage\":\"en-GB\",\"potentialAction\":[{\"@type\":\"ReadAction\",\"target\":[\"https:\/\/chezar.sk\/uprava-vina\/\"]}]},{\"@type\":\"BreadcrumbList\",\"@id\":\"https:\/\/chezar.sk\/uprava-vina\/#breadcrumb\",\"itemListElement\":[{\"@type\":\"ListItem\",\"position\":1,\"item\":{\"@type\":\"WebPage\",\"@id\":\"https:\/\/chezar.sk\/\",\"url\":\"https:\/\/chezar.sk\/\",\"name\":\"Domovsk\\u00e1 str\\u00e1nka\"}},{\"@type\":\"ListItem\",\"position\":2,\"item\":{\"@type\":\"WebPage\",\"@id\":\"https:\/\/chezar.sk\/uprava-vina\/\",\"url\":\"https:\/\/chezar.sk\/uprava-vina\/\",\"name\":\"\\u00daprava v\\u00edna\"}}]}]}<\/script>\n<!-- \/ Yoast SEO plugin. -->","uagb_featured_image_src":{"full":false,"thumbnail":false,"medium":false,"medium_large":false,"large":false,"1536x1536":false,"2048x2048":false,"trp-custom-language-flag":false},"uagb_author_info":{"display_name":"AnnaV","author_link":"https:\/\/chezar.sk\/en\/author\/annav\/"},"uagb_comment_info":0,"uagb_excerpt":"\u00faprava v\u00edna MIKROFILTR\u00c1CIA","_links":{"self":[{"href":"https:\/\/chezar.sk\/en\/wp-json\/wp\/v2\/pages\/635"}],"collection":[{"href":"https:\/\/chezar.sk\/en\/wp-json\/wp\/v2\/pages"}],"about":[{"href":"https:\/\/chezar.sk\/en\/wp-json\/wp\/v2\/types\/page"}],"author":[{"embeddable":true,"href":"https:\/\/chezar.sk\/en\/wp-json\/wp\/v2\/users\/1"}],"replies":[{"embeddable":true,"href":"https:\/\/chezar.sk\/en\/wp-json\/wp\/v2\/comments?post=635"}],"version-history":[{"count":6,"href":"https:\/\/chezar.sk\/en\/wp-json\/wp\/v2\/pages\/635\/revisions"}],"predecessor-version":[{"id":1944,"href":"https:\/\/chezar.sk\/en\/wp-json\/wp\/v2\/pages\/635\/revisions\/1944"}],"wp:attachment":[{"href":"https:\/\/chezar.sk\/en\/wp-json\/wp\/v2\/media?parent=635"}],"curies":[{"name":"wp","href":"https:\/\/api.w.org\/{rel}","templated":true}]}}