{"id":300,"date":"2019-02-20T11:27:35","date_gmt":"2019-02-20T09:27:35","guid":{"rendered":"http:\/\/chezar.sk\/?page_id=300"},"modified":"2021-02-16T15:19:36","modified_gmt":"2021-02-16T13:19:36","slug":"kontakt-2","status":"publish","type":"page","link":"https:\/\/chezar.sk\/en\/kontakt-2\/","title":{"rendered":"Contact"},"content":{"rendered":"<div data-elementor-type=\"wp-post\" data-elementor-id=\"300\" class=\"elementor elementor-300\" data-elementor-settings=\"[]\">\n\t\t\t\t\t\t<div class=\"elementor-inner\">\n\t\t\t\t\t\t\t<div class=\"elementor-section-wrap\">\n\t\t\t\t\t\t\t<section class=\"elementor-section elementor-top-section elementor-element elementor-element-e3a761a elementor-section-full_width elementor-section-height-min-height elementor-section-height-default elementor-section-items-middle\" data-id=\"e3a761a\" data-element_type=\"section\" data-settings=\"{&quot;background_background&quot;:&quot;classic&quot;}\">\n\t\t\t\t\t\t\t<div class=\"elementor-background-overlay\"><\/div>\n\t\t\t\t\t\t\t<div class=\"elementor-container elementor-column-gap-default\">\n\t\t\t\t\t\t\t<div class=\"elementor-row\">\n\t\t\t\t\t<div class=\"elementor-column elementor-col-100 elementor-top-column elementor-element elementor-element-cf24324\" data-id=\"cf24324\" data-element_type=\"column\">\n\t\t\t<div class=\"elementor-column-wrap elementor-element-populated\">\n\t\t\t\t\t\t\t<div class=\"elementor-widget-wrap\">\n\t\t\t\t\t\t<div class=\"elementor-element elementor-element-114f91b elementor-widget elementor-widget-heading\" data-id=\"114f91b\" data-element_type=\"widget\" data-widget_type=\"heading.default\">\n\t\t\t\t<div class=\"elementor-widget-container\">\n\t\t\t<h2 class=\"elementor-heading-title elementor-size-default\">KONTAKT<\/h2>\t\t<\/div>\n\t\t\t\t<\/div>\n\t\t\t\t\t\t<\/div>\n\t\t\t\t\t<\/div>\n\t\t<\/div>\n\t\t\t\t\t\t\t\t<\/div>\n\t\t\t\t\t<\/div>\n\t\t<\/section>\n\t\t\t\t<section class=\"elementor-section elementor-top-section elementor-element elementor-element-705b5339 elementor-section-full_width elementor-section-height-default elementor-section-height-default\" data-id=\"705b5339\" data-element_type=\"section\">\n\t\t\t\t\t\t<div class=\"elementor-container elementor-column-gap-no\">\n\t\t\t\t\t\t\t<div class=\"elementor-row\">\n\t\t\t\t\t<div class=\"elementor-column elementor-col-50 elementor-top-column elementor-element elementor-element-25afdb9\" data-id=\"25afdb9\" data-element_type=\"column\">\n\t\t\t<div class=\"elementor-column-wrap elementor-element-populated\">\n\t\t\t\t\t\t\t<div class=\"elementor-widget-wrap\">\n\t\t\t\t\t\t<div class=\"elementor-element elementor-element-cb9c8e9 elementor-widget elementor-widget-heading\" data-id=\"cb9c8e9\" data-element_type=\"widget\" data-widget_type=\"heading.default\">\n\t\t\t\t<div class=\"elementor-widget-container\">\n\t\t\t<h3 class=\"elementor-heading-title elementor-size-large\">Place of operation<\/h3>\t\t<\/div>\n\t\t\t\t<\/div>\n\t\t\t\t<div class=\"elementor-element elementor-element-723aba1 elementor-icon-list--layout-traditional elementor-list-item-link-full_width elementor-widget elementor-widget-icon-list\" data-id=\"723aba1\" data-element_type=\"widget\" data-widget_type=\"icon-list.default\">\n\t\t\t\t<div class=\"elementor-widget-container\">\n\t\t\t\t\t<ul class=\"elementor-icon-list-items\">\n\t\t\t\t\t\t\t<li class=\"elementor-icon-list-item\">\n\t\t\t\t\t\t\t\t\t\t\t<span class=\"elementor-icon-list-icon\">\n\t\t\t\t\t\t\t<svg xmlns=\"http:\/\/www.w3.org\/2000\/svg\" id=\"place\" width=\"28.58\" height=\"35.326\" viewbox=\"0 0 28.58 35.326\"><g id=\"Group_8\" data-name=\"Group 8\"><g id=\"Group_5\" data-name=\"Group 5\"><g id=\"Group_4\" data-name=\"Group 4\"><path id=\"Path_7\" data-name=\"Path 7\" d=\"M74.9,6.142a14.263,14.263,0,0,0-23.451,0A14.266,14.266,0,0,0,49.79,19.286,11.235,11.235,0,0,0,51.86,22.7L62.236,34.891a1.234,1.234,0,0,0,1.881,0L74.489,22.708a11.246,11.246,0,0,0,2.07-3.414A14.268,14.268,0,0,0,74.9,6.142Zm-.655,12.286A8.812,8.812,0,0,1,72.617,21.1l-.006.007L63.176,32.186,53.735,21.1A8.816,8.816,0,0,1,52.1,18.42,11.8,11.8,0,0,1,53.483,7.547a11.793,11.793,0,0,1,19.387,0A11.8,11.8,0,0,1,74.247,18.428Z\" transform=\"translate(-48.886)\" fill=\"#6d7072\"><\/path><\/g><\/g><g id=\"Group_7\" data-name=\"Group 7\" transform=\"translate(7.313 7.287)\"><g id=\"Group_6\" data-name=\"Group 6\"><path id=\"Path_8\" data-name=\"Path 8\" d=\"M162.732,106.219a6.978,6.978,0,1,0,6.978,6.978A6.986,6.986,0,0,0,162.732,106.219Zm0,11.464a4.486,4.486,0,1,1,4.486-4.486A4.491,4.491,0,0,1,162.732,117.683Z\" transform=\"translate(-155.754 -106.219)\" fill=\"#6d7072\"><\/path><\/g><\/g><\/g><\/svg>\t\t\t\t\t\t<\/span>\n\t\t\t\t\t\t\t\t\t\t<span class=\"elementor-icon-list-text\">Nobelova 34, 831 02 Bratislava<\/span>\n\t\t\t\t\t\t\t\t\t<\/li>\n\t\t\t\t\t\t\t\t<li class=\"elementor-icon-list-item\">\n\t\t\t\t\t\t\t\t\t\t\t<span class=\"elementor-icon-list-icon\">\n\t\t\t\t\t\t\t<svg xmlns=\"http:\/\/www.w3.org\/2000\/svg\" id=\"phone\" width=\"28.58\" height=\"28.582\" viewbox=\"0 0 28.58 28.582\"><g id=\"Group_3\" data-name=\"Group 3\" transform=\"translate(0 0)\"><path id=\"Path_6\" data-name=\"Path 6\" d=\"M27.856,21.081,24.3,17.528a2.515,2.515,0,0,0-3.553,0l-1.615,1.615a1.906,1.906,0,0,1-2.692,0l-7-7.006a1.9,1.9,0,0,1,0-2.692L11.058,7.83a2.511,2.511,0,0,0,0-3.554L7.505.735a2.515,2.515,0,0,0-3.55,0L2.66,2.016a9.07,9.07,0,0,0,0,12.813l11.092,11.1a9.055,9.055,0,0,0,12.813,0l1.292-1.292A2.515,2.515,0,0,0,27.856,21.081ZM5.136,1.919a.839.839,0,0,1,1.185,0L9.874,5.461a.837.837,0,0,1,0,1.184l-.592.592L4.547,2.5Zm9.8,22.822L3.844,13.644a7.363,7.363,0,0,1-.462-9.937L8.1,8.428a3.575,3.575,0,0,0,.156,4.893l7,7.006h0a3.575,3.575,0,0,0,4.893.156L24.873,25.2A7.349,7.349,0,0,1,14.936,24.742Zm11.736-1.292-.592.592L21.342,19.3l.592-.592a.838.838,0,0,1,1.184,0l3.553,3.553A.838.838,0,0,1,26.672,23.449Z\" transform=\"translate(-0.011 0)\" fill=\"#6d7072\"><\/path><\/g><\/svg>\t\t\t\t\t\t<\/span>\n\t\t\t\t\t\t\t\t\t\t<span class=\"elementor-icon-list-text\">+421 905 322 940<\/span>\n\t\t\t\t\t\t\t\t\t<\/li>\n\t\t\t\t\t\t\t\t<li class=\"elementor-icon-list-item\">\n\t\t\t\t\t\t\t\t\t\t\t<span class=\"elementor-icon-list-icon\">\n\t\t\t\t\t\t\t<svg xmlns=\"http:\/\/www.w3.org\/2000\/svg\" id=\"mail\" width=\"28.58\" height=\"21.77\" viewbox=\"0 0 28.58 21.77\"><g id=\"Group_2\" data-name=\"Group 2\" transform=\"translate(0 0)\"><path id=\"Path_5\" data-name=\"Path 5\" d=\"M26.068,61H2.512A2.516,2.516,0,0,0,0,63.512V80.258A2.516,2.516,0,0,0,2.512,82.77H26.068a2.516,2.516,0,0,0,2.512-2.512V63.512A2.516,2.516,0,0,0,26.068,61Zm-.347,1.675L14.343,74.053,2.867,62.675ZM1.675,79.911V63.851l8.065,8ZM2.859,81.1l8.07-8.07,2.828,2.8a.837.837,0,0,0,1.182,0L17.7,73.069,25.722,81.1Zm24.047-1.184-8.026-8.026,8.026-8.026Z\" transform=\"translate(0 -61)\" fill=\"#6d7072\"><\/path><\/g><\/svg>\t\t\t\t\t\t<\/span>\n\t\t\t\t\t\t\t\t\t\t<span class=\"elementor-icon-list-text\">info@chezar.sk<\/span>\n\t\t\t\t\t\t\t\t\t<\/li>\n\t\t\t\t\t\t<\/ul>\n\t\t\t\t<\/div>\n\t\t\t\t<\/div>\n\t\t\t\t\t\t<\/div>\n\t\t\t\t\t<\/div>\n\t\t<\/div>\n\t\t\t\t<div class=\"elementor-column elementor-col-50 elementor-top-column elementor-element elementor-element-7bbea40f\" data-id=\"7bbea40f\" data-element_type=\"column\">\n\t\t\t<div class=\"elementor-column-wrap elementor-element-populated\">\n\t\t\t\t\t\t\t<div class=\"elementor-widget-wrap\">\n\t\t\t\t\t\t<div class=\"elementor-element elementor-element-86e5396 elementor-widget elementor-widget-shortcode\" data-id=\"86e5396\" data-element_type=\"widget\" data-widget_type=\"shortcode.default\">\n\t\t\t\t<div class=\"elementor-widget-container\">\n\t\t\t\t\t<div class=\"elementor-shortcode\"><div class=\"wpforms-container wpforms-container-full\" id=\"wpforms-911\"><form id=\"wpforms-form-911\" class=\"wpforms-validate wpforms-form\" data-formid=\"911\" method=\"post\" enctype=\"multipart\/form-data\" action=\"\/en\/wp-json\/wp\/v2\/pages\/300\" data-token=\"9196c260b747328c86631a848fea0558\" data-trp-original-action=\"\/en\/wp-json\/wp\/v2\/pages\/300\"><noscript class=\"wpforms-error-noscript\">Please enable JavaScript in your browser to complete this form.<\/noscript><div class=\"wpforms-field-container\"><div id=\"wpforms-911-field_0-container\" class=\"wpforms-field wpforms-field-name\" data-field-id=\"0\"><label class=\"wpforms-field-label\" for=\"wpforms-911-field_0\">Name <span class=\"wpforms-required-label\">*<\/span><\/label><input type=\"text\" id=\"wpforms-911-field_0\" class=\"wpforms-field-medium wpforms-field-required\" name=\"wpforms[fields][0]\" required><\/div><div id=\"wpforms-911-field_3-container\" class=\"wpforms-field wpforms-field-text\" data-field-id=\"3\"><label class=\"wpforms-field-label\" for=\"wpforms-911-field_3\">Company <span class=\"wpforms-required-label\">*<\/span><\/label><input type=\"text\" id=\"wpforms-911-field_3\" class=\"wpforms-field-medium wpforms-field-required\" name=\"wpforms[fields][3]\" required><\/div><div id=\"wpforms-911-field_1-container\" class=\"wpforms-field wpforms-field-email\" data-field-id=\"1\"><label class=\"wpforms-field-label\" for=\"wpforms-911-field_1\">Email <span class=\"wpforms-required-label\">*<\/span><\/label><input type=\"email\" id=\"wpforms-911-field_1\" class=\"wpforms-field-medium wpforms-field-required\" name=\"wpforms[fields][1]\" required><\/div><div id=\"wpforms-911-field_2-container\" class=\"wpforms-field wpforms-field-textarea\" data-field-id=\"2\"><label class=\"wpforms-field-label\" for=\"wpforms-911-field_2\">Message <span class=\"wpforms-required-label\">*<\/span><\/label><textarea id=\"wpforms-911-field_2\" class=\"wpforms-field-medium wpforms-field-required\" name=\"wpforms[fields][2]\" required><\/textarea><\/div><div id=\"wpforms-911-field_4-container\" class=\"wpforms-field wpforms-field-checkbox\" data-field-id=\"4\"><label class=\"wpforms-field-label\" for=\"wpforms-911-field_4\">S\u00fahlas\u00edm so spracovan\u00edm osobn\u00fdch \u00fadajov <span class=\"wpforms-required-label\">*<\/span><\/label><ul id=\"wpforms-911-field_4\" class=\"wpforms-field-required\"><li class=\"choice-1 depth-1 wpforms-selected\"><input type=\"checkbox\" id=\"wpforms-911-field_4_1\" name=\"wpforms[fields][4][]\" value=\"Checked\" required checked='checked'><label class=\"wpforms-field-label-inline\" for=\"wpforms-911-field_4_1\"><\/label><\/li><\/ul><\/div><\/div><div class=\"wpforms-field wpforms-field-hp\"><label for=\"wpforms-911-field-hp\" class=\"wpforms-field-label\">Website<\/label><input type=\"text\" name=\"wpforms[hp]\" id=\"wpforms-911-field-hp\" class=\"wpforms-field-medium\"><\/div><div class=\"wpforms-submit-container\" ><input type=\"hidden\" name=\"wpforms[id]\" value=\"911\"><input type=\"hidden\" name=\"wpforms[author]\" value=\"1\"><button type=\"submit\" name=\"wpforms[submit]\" class=\"wpforms-submit\" id=\"wpforms-submit-911\" value=\"wpforms-submit\" aria-live=\"assertive\" data-alt-text=\"Odosiela sa\" data-submit-text=\"Odosla\u0165\">send<\/button><\/div><input type=\"hidden\" name=\"trp-form-language\" value=\"en\"\/><\/form><\/div>  <!-- .wpforms-container --><\/div>\n\t\t\t\t<\/div>\n\t\t\t\t<\/div>\n\t\t\t\t\t\t<\/div>\n\t\t\t\t\t<\/div>\n\t\t<\/div>\n\t\t\t\t\t\t\t\t<\/div>\n\t\t\t\t\t<\/div>\n\t\t<\/section>\n\t\t\t\t\t\t<\/div>\n\t\t\t\t\t\t<\/div>\n\t\t\t\t\t<\/div>","protected":false},"excerpt":{"rendered":"<p>KONTAKT Prev\u00e1dzka Nobelova 34, 831 02 Bratislava +421 905 322 940 info@chezar.sk<\/p>","protected":false},"author":1,"featured_media":0,"parent":0,"menu_order":0,"comment_status":"closed","ping_status":"closed","template":"","meta":[],"yoast_head":"<!-- This site is optimized with the Yoast SEO plugin v16.0.2 - https:\/\/yoast.com\/wordpress\/plugins\/seo\/ -->\n<title>Kontakt - CHEZAR spol. s r.o.<\/title>\n<link rel=\"canonical\" href=\"https:\/\/chezar.sk\/en\/kontakt-2\/\" \/>\n<meta property=\"og:locale\" content=\"en_GB\" \/>\n<meta property=\"og:type\" content=\"article\" \/>\n<meta property=\"og:title\" content=\"Kontakt - CHEZAR spol. s r.o.\" \/>\n<meta property=\"og:description\" content=\"KONTAKT Prev\u00e1dzka Nobelova 34, 831 02 Bratislava +421 905 322 940 info@chezar.sk\" \/>\n<meta property=\"og:url\" content=\"https:\/\/chezar.sk\/en\/kontakt-2\/\" \/>\n<meta property=\"og:site_name\" content=\"CHEZAR spol. s r.o.\" \/>\n<meta property=\"article:modified_time\" content=\"2021-02-16T13:19:36+00:00\" \/>\n<meta name=\"twitter:card\" content=\"summary\" \/>\n<script type=\"application\/ld+json\" class=\"yoast-schema-graph\">{\"@context\":\"https:\/\/schema.org\",\"@graph\":[{\"@type\":\"WebSite\",\"@id\":\"https:\/\/chezar.sk\/#website\",\"url\":\"https:\/\/chezar.sk\/\",\"name\":\"CHEZAR spol. s r.o.\",\"description\":\"Filtra\\u010dn\\u00e1 a separa\\u010dn\\u00e1 technika\",\"potentialAction\":[{\"@type\":\"SearchAction\",\"target\":\"https:\/\/chezar.sk\/?s={search_term_string}\",\"query-input\":\"required name=search_term_string\"}],\"inLanguage\":\"en-GB\"},{\"@type\":\"WebPage\",\"@id\":\"https:\/\/chezar.sk\/kontakt-2\/#webpage\",\"url\":\"https:\/\/chezar.sk\/kontakt-2\/\",\"name\":\"Kontakt - CHEZAR spol. s r.o.\",\"isPartOf\":{\"@id\":\"https:\/\/chezar.sk\/#website\"},\"datePublished\":\"2019-02-20T09:27:35+00:00\",\"dateModified\":\"2021-02-16T13:19:36+00:00\",\"breadcrumb\":{\"@id\":\"https:\/\/chezar.sk\/kontakt-2\/#breadcrumb\"},\"inLanguage\":\"en-GB\",\"potentialAction\":[{\"@type\":\"ReadAction\",\"target\":[\"https:\/\/chezar.sk\/kontakt-2\/\"]}]},{\"@type\":\"BreadcrumbList\",\"@id\":\"https:\/\/chezar.sk\/kontakt-2\/#breadcrumb\",\"itemListElement\":[{\"@type\":\"ListItem\",\"position\":1,\"item\":{\"@type\":\"WebPage\",\"@id\":\"https:\/\/chezar.sk\/\",\"url\":\"https:\/\/chezar.sk\/\",\"name\":\"Domovsk\\u00e1 str\\u00e1nka\"}},{\"@type\":\"ListItem\",\"position\":2,\"item\":{\"@type\":\"WebPage\",\"@id\":\"https:\/\/chezar.sk\/kontakt-2\/\",\"url\":\"https:\/\/chezar.sk\/kontakt-2\/\",\"name\":\"Kontakt\"}}]}]}<\/script>\n<!-- \/ Yoast SEO plugin. -->","uagb_featured_image_src":{"full":false,"thumbnail":false,"medium":false,"medium_large":false,"large":false,"1536x1536":false,"2048x2048":false,"trp-custom-language-flag":false},"uagb_author_info":{"display_name":"AnnaV","author_link":"https:\/\/chezar.sk\/en\/author\/annav\/"},"uagb_comment_info":0,"uagb_excerpt":"KONTAKT Prev\u00e1dzka Nobelova 34, 831 02 Bratislava +421 905 322 940 info@chezar.sk","_links":{"self":[{"href":"https:\/\/chezar.sk\/en\/wp-json\/wp\/v2\/pages\/300"}],"collection":[{"href":"https:\/\/chezar.sk\/en\/wp-json\/wp\/v2\/pages"}],"about":[{"href":"https:\/\/chezar.sk\/en\/wp-json\/wp\/v2\/types\/page"}],"author":[{"embeddable":true,"href":"https:\/\/chezar.sk\/en\/wp-json\/wp\/v2\/users\/1"}],"replies":[{"embeddable":true,"href":"https:\/\/chezar.sk\/en\/wp-json\/wp\/v2\/comments?post=300"}],"version-history":[{"count":6,"href":"https:\/\/chezar.sk\/en\/wp-json\/wp\/v2\/pages\/300\/revisions"}],"predecessor-version":[{"id":1861,"href":"https:\/\/chezar.sk\/en\/wp-json\/wp\/v2\/pages\/300\/revisions\/1861"}],"wp:attachment":[{"href":"https:\/\/chezar.sk\/en\/wp-json\/wp\/v2\/media?parent=300"}],"curies":[{"name":"wp","href":"https:\/\/api.w.org\/{rel}","templated":true}]}}