{"id":298,"date":"2019-02-20T11:26:50","date_gmt":"2019-02-20T09:26:50","guid":{"rendered":"http:\/\/chezar.sk\/?page_id=298"},"modified":"2020-04-19T10:37:18","modified_gmt":"2020-04-19T08:37:18","slug":"servis","status":"publish","type":"page","link":"https:\/\/chezar.sk\/en\/servis\/","title":{"rendered":"Service"},"content":{"rendered":"<div data-elementor-type=\"wp-post\" data-elementor-id=\"298\" class=\"elementor elementor-298\" data-elementor-settings=\"[]\">\n\t\t\t\t\t\t<div class=\"elementor-inner\">\n\t\t\t\t\t\t\t<div class=\"elementor-section-wrap\">\n\t\t\t\t\t\t\t<section class=\"elementor-section elementor-top-section elementor-element elementor-element-8c8400e elementor-section-height-min-height elementor-section-boxed elementor-section-height-default elementor-section-items-middle\" data-id=\"8c8400e\" data-element_type=\"section\" data-settings=\"{&quot;background_background&quot;:&quot;classic&quot;}\">\n\t\t\t\t\t\t\t<div class=\"elementor-background-overlay\"><\/div>\n\t\t\t\t\t\t\t<div class=\"elementor-container elementor-column-gap-default\">\n\t\t\t\t\t\t\t<div class=\"elementor-row\">\n\t\t\t\t\t<div class=\"elementor-column elementor-col-100 elementor-top-column elementor-element elementor-element-59f6d9f\" data-id=\"59f6d9f\" data-element_type=\"column\">\n\t\t\t<div class=\"elementor-column-wrap elementor-element-populated\">\n\t\t\t\t\t\t\t<div class=\"elementor-widget-wrap\">\n\t\t\t\t\t\t<div class=\"elementor-element elementor-element-79567c9 elementor-widget elementor-widget-heading\" data-id=\"79567c9\" data-element_type=\"widget\" data-widget_type=\"heading.default\">\n\t\t\t\t<div class=\"elementor-widget-container\">\n\t\t\t<h2 class=\"elementor-heading-title elementor-size-default\">SERVICE<\/h2>\t\t<\/div>\n\t\t\t\t<\/div>\n\t\t\t\t\t\t<\/div>\n\t\t\t\t\t<\/div>\n\t\t<\/div>\n\t\t\t\t\t\t\t\t<\/div>\n\t\t\t\t\t<\/div>\n\t\t<\/section>\n\t\t\t\t<section class=\"elementor-section elementor-top-section elementor-element elementor-element-e204f21 elementor-section-boxed elementor-section-height-default elementor-section-height-default\" data-id=\"e204f21\" data-element_type=\"section\" data-settings=\"{&quot;background_background&quot;:&quot;classic&quot;}\">\n\t\t\t\t\t\t<div class=\"elementor-container elementor-column-gap-default\">\n\t\t\t\t\t\t\t<div class=\"elementor-row\">\n\t\t\t\t\t<div class=\"elementor-column elementor-col-100 elementor-top-column elementor-element elementor-element-b4e57c0\" data-id=\"b4e57c0\" data-element_type=\"column\">\n\t\t\t<div class=\"elementor-column-wrap elementor-element-populated\">\n\t\t\t\t\t\t\t<div class=\"elementor-widget-wrap\">\n\t\t\t\t\t\t<div class=\"elementor-element elementor-element-986a6de elementor-widget-divider--view-line elementor-widget elementor-widget-divider\" data-id=\"986a6de\" data-element_type=\"widget\" data-widget_type=\"divider.default\">\n\t\t\t\t<div class=\"elementor-widget-container\">\n\t\t\t\t\t<div class=\"elementor-divider\">\n\t\t\t<span class=\"elementor-divider-separator\">\n\t\t\t\t\t\t<\/span>\n\t\t<\/div>\n\t\t\t\t<\/div>\n\t\t\t\t<\/div>\n\t\t\t\t<div class=\"elementor-element elementor-element-e4fa996 elementor-widget elementor-widget-text-editor\" data-id=\"e4fa996\" data-element_type=\"widget\" data-widget_type=\"text-editor.default\">\n\t\t\t\t<div class=\"elementor-widget-container\">\n\t\t\t\t\t<div class=\"elementor-text-editor elementor-clearfix\"><p>We have been developing technologies for various industries for more than 20 years. Our team of experienced chemical engineers and laboratory workers in the field of membrane technology will design and implement optimal working equipment and technologies for your needs.\u00a0<\/p><\/div>\n\t\t\t\t<\/div>\n\t\t\t\t<\/div>\n\t\t\t\t<div class=\"elementor-element elementor-element-39d26e0 elementor-widget-divider--view-line elementor-widget elementor-widget-divider\" data-id=\"39d26e0\" data-element_type=\"widget\" data-widget_type=\"divider.default\">\n\t\t\t\t<div class=\"elementor-widget-container\">\n\t\t\t\t\t<div class=\"elementor-divider\">\n\t\t\t<span class=\"elementor-divider-separator\">\n\t\t\t\t\t\t<\/span>\n\t\t<\/div>\n\t\t\t\t<\/div>\n\t\t\t\t<\/div>\n\t\t\t\t\t\t<\/div>\n\t\t\t\t\t<\/div>\n\t\t<\/div>\n\t\t\t\t\t\t\t\t<\/div>\n\t\t\t\t\t<\/div>\n\t\t<\/section>\n\t\t\t\t<section class=\"elementor-section elementor-top-section elementor-element elementor-element-ee43b5d elementor-section-boxed elementor-section-height-default elementor-section-height-default\" data-id=\"ee43b5d\" data-element_type=\"section\" data-settings=\"{&quot;background_background&quot;:&quot;classic&quot;}\">\n\t\t\t\t\t\t<div class=\"elementor-container elementor-column-gap-default\">\n\t\t\t\t\t\t\t<div class=\"elementor-row\">\n\t\t\t\t\t<div class=\"elementor-column elementor-col-33 elementor-top-column elementor-element elementor-element-955c452\" data-id=\"955c452\" data-element_type=\"column\">\n\t\t\t<div class=\"elementor-column-wrap elementor-element-populated\">\n\t\t\t\t\t\t\t<div class=\"elementor-widget-wrap\">\n\t\t\t\t\t\t<div class=\"elementor-element elementor-element-1c8091f elementor-vertical-align-middle elementor-position-top elementor-widget elementor-widget-image-box\" data-id=\"1c8091f\" data-element_type=\"widget\" data-widget_type=\"image-box.default\">\n\t\t\t\t<div class=\"elementor-widget-container\">\n\t\t\t<div class=\"elementor-image-box-wrapper\"><figure class=\"elementor-image-box-img\"><img width=\"500\" height=\"500\" src=\"https:\/\/chezar.sk\/wp-content\/uploads\/2020\/04\/lab-217043_1280.png\" class=\"attachment-full size-full\" alt=\"\" loading=\"lazy\" srcset=\"https:\/\/chezar.sk\/wp-content\/uploads\/2020\/04\/lab-217043_1280.png 500w, https:\/\/chezar.sk\/wp-content\/uploads\/2020\/04\/lab-217043_1280-300x300.png 300w, https:\/\/chezar.sk\/wp-content\/uploads\/2020\/04\/lab-217043_1280-150x150.png 150w\" sizes=\"(max-width: 500px) 100vw, 500px\" \/><\/figure><div class=\"elementor-image-box-content\"><h3 class=\"elementor-image-box-title\">Laboratory tests<\/h3><p class=\"elementor-image-box-description\">Evaluation of performance characteristics of various types of membranes (polymer and ceramic) from microfiltration to reverse osmosis, for various media in the full pH range.\nWe also provide tests on laboratory electrodialysis device. \n<\/p><\/div><\/div>\t\t<\/div>\n\t\t\t\t<\/div>\n\t\t\t\t\t\t<\/div>\n\t\t\t\t\t<\/div>\n\t\t<\/div>\n\t\t\t\t<div class=\"elementor-column elementor-col-33 elementor-top-column elementor-element elementor-element-0be17aa\" data-id=\"0be17aa\" data-element_type=\"column\">\n\t\t\t<div class=\"elementor-column-wrap elementor-element-populated\">\n\t\t\t\t\t\t\t<div class=\"elementor-widget-wrap\">\n\t\t\t\t\t\t<div class=\"elementor-element elementor-element-70cbf44 elementor-position-top elementor-vertical-align-top elementor-widget elementor-widget-image-box\" data-id=\"70cbf44\" data-element_type=\"widget\" data-widget_type=\"image-box.default\">\n\t\t\t\t<div class=\"elementor-widget-container\">\n\t\t\t<div class=\"elementor-image-box-wrapper\"><figure class=\"elementor-image-box-img\"><img width=\"500\" height=\"500\" src=\"https:\/\/chezar.sk\/wp-content\/uploads\/2020\/04\/fittings-2784901_1920.png\" class=\"attachment-full size-full\" alt=\"\" loading=\"lazy\" srcset=\"https:\/\/chezar.sk\/wp-content\/uploads\/2020\/04\/fittings-2784901_1920.png 500w, https:\/\/chezar.sk\/wp-content\/uploads\/2020\/04\/fittings-2784901_1920-300x300.png 300w, https:\/\/chezar.sk\/wp-content\/uploads\/2020\/04\/fittings-2784901_1920-150x150.png 150w\" sizes=\"(max-width: 500px) 100vw, 500px\" \/><\/figure><div class=\"elementor-image-box-content\"><h3 class=\"elementor-image-box-title\">Pilot tests<\/h3><p class=\"elementor-image-box-description\">We carry out pilot tests directly at the customer, evaluate the results and based on them we design membrane devices and technologies.<\/p><\/div><\/div>\t\t<\/div>\n\t\t\t\t<\/div>\n\t\t\t\t\t\t<\/div>\n\t\t\t\t\t<\/div>\n\t\t<\/div>\n\t\t\t\t<div class=\"elementor-column elementor-col-33 elementor-top-column elementor-element elementor-element-0c0f652\" data-id=\"0c0f652\" data-element_type=\"column\">\n\t\t\t<div class=\"elementor-column-wrap elementor-element-populated\">\n\t\t\t\t\t\t\t<div class=\"elementor-widget-wrap\">\n\t\t\t\t\t\t<div class=\"elementor-element elementor-element-ad302de elementor-position-top elementor-vertical-align-top elementor-widget elementor-widget-image-box\" data-id=\"ad302de\" data-element_type=\"widget\" data-widget_type=\"image-box.default\">\n\t\t\t\t<div class=\"elementor-widget-container\">\n\t\t\t<div class=\"elementor-image-box-wrapper\"><figure class=\"elementor-image-box-img\"><img width=\"500\" height=\"500\" src=\"https:\/\/chezar.sk\/wp-content\/uploads\/2020\/04\/crystal-kwok-487019-unsplash.png\" class=\"attachment-full size-full\" alt=\"\" loading=\"lazy\" srcset=\"https:\/\/chezar.sk\/wp-content\/uploads\/2020\/04\/crystal-kwok-487019-unsplash.png 500w, https:\/\/chezar.sk\/wp-content\/uploads\/2020\/04\/crystal-kwok-487019-unsplash-300x300.png 300w, https:\/\/chezar.sk\/wp-content\/uploads\/2020\/04\/crystal-kwok-487019-unsplash-150x150.png 150w\" sizes=\"(max-width: 500px) 100vw, 500px\" \/><\/figure><div class=\"elementor-image-box-content\"><h3 class=\"elementor-image-box-title\">Construction of systems<\/h3><p class=\"elementor-image-box-description\">Based on laboratory and pilot tests, we design devices directly for the customer's needs, \"on off\", semi-automatic or fully automatic systems.<\/p><\/div><\/div>\t\t<\/div>\n\t\t\t\t<\/div>\n\t\t\t\t\t\t<\/div>\n\t\t\t\t\t<\/div>\n\t\t<\/div>\n\t\t\t\t\t\t\t\t<\/div>\n\t\t\t\t\t<\/div>\n\t\t<\/section>\n\t\t\t\t<section class=\"elementor-section elementor-top-section elementor-element elementor-element-92b26d0 elementor-section-boxed elementor-section-height-default elementor-section-height-default\" data-id=\"92b26d0\" data-element_type=\"section\">\n\t\t\t\t\t\t<div class=\"elementor-container elementor-column-gap-default\">\n\t\t\t\t\t\t\t<div class=\"elementor-row\">\n\t\t\t\t\t<div class=\"elementor-column elementor-col-100 elementor-top-column elementor-element elementor-element-562219f\" data-id=\"562219f\" data-element_type=\"column\">\n\t\t\t<div class=\"elementor-column-wrap elementor-element-populated\">\n\t\t\t\t\t\t\t<div class=\"elementor-widget-wrap\">\n\t\t\t\t\t\t<div class=\"elementor-element elementor-element-77ca876 elementor-widget elementor-widget-text-editor\" data-id=\"77ca876\" data-element_type=\"widget\" data-widget_type=\"text-editor.default\">\n\t\t\t\t<div class=\"elementor-widget-container\">\n\t\t\t\t\t<div class=\"elementor-text-editor elementor-clearfix\"><p>Our company offers complex solutions for its technologies\u00a0<\/p><\/div>\n\t\t\t\t<\/div>\n\t\t\t\t<\/div>\n\t\t\t\t\t\t<\/div>\n\t\t\t\t\t<\/div>\n\t\t<\/div>\n\t\t\t\t\t\t\t\t<\/div>\n\t\t\t\t\t<\/div>\n\t\t<\/section>\n\t\t\t\t<section class=\"elementor-section elementor-top-section elementor-element elementor-element-95a6699 elementor-section-boxed elementor-section-height-default elementor-section-height-default\" data-id=\"95a6699\" data-element_type=\"section\">\n\t\t\t\t\t\t<div class=\"elementor-container elementor-column-gap-default\">\n\t\t\t\t\t\t\t<div class=\"elementor-row\">\n\t\t\t\t\t<div class=\"elementor-column elementor-col-25 elementor-top-column elementor-element elementor-element-e281d94\" data-id=\"e281d94\" data-element_type=\"column\">\n\t\t\t<div class=\"elementor-column-wrap elementor-element-populated\">\n\t\t\t\t\t\t\t<div class=\"elementor-widget-wrap\">\n\t\t\t\t\t\t<div class=\"elementor-element elementor-element-0775188 elementor-position-top elementor-vertical-align-top elementor-widget elementor-widget-image-box\" data-id=\"0775188\" data-element_type=\"widget\" data-widget_type=\"image-box.default\">\n\t\t\t\t<div class=\"elementor-widget-container\">\n\t\t\t<div class=\"elementor-image-box-wrapper\"><figure class=\"elementor-image-box-img\"><img width=\"300\" height=\"300\" src=\"https:\/\/chezar.sk\/wp-content\/uploads\/2020\/04\/Membrana-768x804-1-300x300.png\" class=\"attachment-medium size-medium\" alt=\"\" loading=\"lazy\" srcset=\"https:\/\/chezar.sk\/wp-content\/uploads\/2020\/04\/Membrana-768x804-1-300x300.png 300w, https:\/\/chezar.sk\/wp-content\/uploads\/2020\/04\/Membrana-768x804-1-150x150.png 150w, https:\/\/chezar.sk\/wp-content\/uploads\/2020\/04\/Membrana-768x804-1.png 360w\" sizes=\"(max-width: 300px) 100vw, 300px\" \/><\/figure><div class=\"elementor-image-box-content\"><h3 class=\"elementor-image-box-title\">membranes<\/h3><p class=\"elementor-image-box-description\">More than 400 types of membranes in various designs (spirally wound, tubular, hollow fibers) from microfiltration to reverse osmosis. In addition to short-term delivery, we install and assist in membrane commissioning. <\/p><\/div><\/div>\t\t<\/div>\n\t\t\t\t<\/div>\n\t\t\t\t\t\t<\/div>\n\t\t\t\t\t<\/div>\n\t\t<\/div>\n\t\t\t\t<div class=\"elementor-column elementor-col-25 elementor-top-column elementor-element elementor-element-bf5003b\" data-id=\"bf5003b\" data-element_type=\"column\">\n\t\t\t<div class=\"elementor-column-wrap elementor-element-populated\">\n\t\t\t\t\t\t\t<div class=\"elementor-widget-wrap\">\n\t\t\t\t\t\t<div class=\"elementor-element elementor-element-10781fa elementor-position-top elementor-vertical-align-top elementor-widget elementor-widget-image-box\" data-id=\"10781fa\" data-element_type=\"widget\" data-widget_type=\"image-box.default\">\n\t\t\t\t<div class=\"elementor-widget-container\">\n\t\t\t<div class=\"elementor-image-box-wrapper\"><figure class=\"elementor-image-box-img\"><img width=\"360\" height=\"360\" src=\"https:\/\/chezar.sk\/wp-content\/uploads\/2020\/04\/canister-1453996_1920.png\" class=\"attachment-full size-full\" alt=\"\" loading=\"lazy\" srcset=\"https:\/\/chezar.sk\/wp-content\/uploads\/2020\/04\/canister-1453996_1920.png 360w, https:\/\/chezar.sk\/wp-content\/uploads\/2020\/04\/canister-1453996_1920-300x300.png 300w, https:\/\/chezar.sk\/wp-content\/uploads\/2020\/04\/canister-1453996_1920-150x150.png 150w\" sizes=\"(max-width: 360px) 100vw, 360px\" \/><\/figure><div class=\"elementor-image-box-content\"><h3 class=\"elementor-image-box-title\">cleaning chemicals<\/h3><p class=\"elementor-image-box-description\">We offer the necessary chemical solutions for cleaning, regeneration and revitalization of membranes.<\/p><\/div><\/div>\t\t<\/div>\n\t\t\t\t<\/div>\n\t\t\t\t\t\t<\/div>\n\t\t\t\t\t<\/div>\n\t\t<\/div>\n\t\t\t\t<div class=\"elementor-column elementor-col-25 elementor-top-column elementor-element elementor-element-8172b38\" data-id=\"8172b38\" data-element_type=\"column\">\n\t\t\t<div class=\"elementor-column-wrap elementor-element-populated\">\n\t\t\t\t\t\t\t<div class=\"elementor-widget-wrap\">\n\t\t\t\t\t\t<div class=\"elementor-element elementor-element-008474d elementor-position-top elementor-vertical-align-top elementor-widget elementor-widget-image-box\" data-id=\"008474d\" data-element_type=\"widget\" data-widget_type=\"image-box.default\">\n\t\t\t\t<div class=\"elementor-widget-container\">\n\t\t\t<div class=\"elementor-image-box-wrapper\"><figure class=\"elementor-image-box-img\"><img width=\"300\" height=\"300\" src=\"https:\/\/chezar.sk\/wp-content\/uploads\/2020\/04\/zariadenie-GE-768x504-1-300x300.png\" class=\"attachment-medium size-medium\" alt=\"\" loading=\"lazy\" srcset=\"https:\/\/chezar.sk\/wp-content\/uploads\/2020\/04\/zariadenie-GE-768x504-1-300x300.png 300w, https:\/\/chezar.sk\/wp-content\/uploads\/2020\/04\/zariadenie-GE-768x504-1-150x150.png 150w, https:\/\/chezar.sk\/wp-content\/uploads\/2020\/04\/zariadenie-GE-768x504-1.png 360w\" sizes=\"(max-width: 300px) 100vw, 300px\" \/><\/figure><div class=\"elementor-image-box-content\"><h3 class=\"elementor-image-box-title\">device rental<\/h3><p class=\"elementor-image-box-description\">Our devices are available for rent for multiple uses (MF, UF, NF, and RO). We will provide transportation to the place of use and technical support. <\/p><\/div><\/div>\t\t<\/div>\n\t\t\t\t<\/div>\n\t\t\t\t\t\t<\/div>\n\t\t\t\t\t<\/div>\n\t\t<\/div>\n\t\t\t\t<div class=\"elementor-column elementor-col-25 elementor-top-column elementor-element elementor-element-e52d95b\" data-id=\"e52d95b\" data-element_type=\"column\">\n\t\t\t<div class=\"elementor-column-wrap elementor-element-populated\">\n\t\t\t\t\t\t\t<div class=\"elementor-widget-wrap\">\n\t\t\t\t\t\t<div class=\"elementor-element elementor-element-5432876 elementor-position-top elementor-vertical-align-top elementor-widget elementor-widget-image-box\" data-id=\"5432876\" data-element_type=\"widget\" data-widget_type=\"image-box.default\">\n\t\t\t\t<div class=\"elementor-widget-container\">\n\t\t\t<div class=\"elementor-image-box-wrapper\"><figure class=\"elementor-image-box-img\"><img width=\"360\" height=\"360\" src=\"https:\/\/chezar.sk\/wp-content\/uploads\/2020\/04\/tool-379596_1920.png\" class=\"attachment-full size-full\" alt=\"\" loading=\"lazy\" srcset=\"https:\/\/chezar.sk\/wp-content\/uploads\/2020\/04\/tool-379596_1920.png 360w, https:\/\/chezar.sk\/wp-content\/uploads\/2020\/04\/tool-379596_1920-300x300.png 300w, https:\/\/chezar.sk\/wp-content\/uploads\/2020\/04\/tool-379596_1920-150x150.png 150w\" sizes=\"(max-width: 360px) 100vw, 360px\" \/><\/figure><div class=\"elementor-image-box-content\"><h3 class=\"elementor-image-box-title\">service and maintenance<\/h3><p class=\"elementor-image-box-description\">Devices include the necessary maintenance. Our experienced engineers and technicians provide post-warranty service and guidance.<\/p><\/div><\/div>\t\t<\/div>\n\t\t\t\t<\/div>\n\t\t\t\t\t\t<\/div>\n\t\t\t\t\t<\/div>\n\t\t<\/div>\n\t\t\t\t\t\t\t\t<\/div>\n\t\t\t\t\t<\/div>\n\t\t<\/section>\n\t\t\t\t<section class=\"elementor-section elementor-top-section elementor-element elementor-element-d334ce5 elementor-section-boxed elementor-section-height-default elementor-section-height-default\" data-id=\"d334ce5\" data-element_type=\"section\">\n\t\t\t\t\t\t<div class=\"elementor-container elementor-column-gap-default\">\n\t\t\t\t\t\t\t<div class=\"elementor-row\">\n\t\t\t\t\t<div class=\"elementor-column elementor-col-100 elementor-top-column elementor-element elementor-element-bfd1482\" data-id=\"bfd1482\" data-element_type=\"column\">\n\t\t\t<div class=\"elementor-column-wrap elementor-element-populated\">\n\t\t\t\t\t\t\t<div class=\"elementor-widget-wrap\">\n\t\t\t\t\t\t<div class=\"elementor-element elementor-element-466a3c5 elementor-align-center elementor-widget elementor-widget-button\" data-id=\"466a3c5\" data-element_type=\"widget\" data-widget_type=\"button.default\">\n\t\t\t\t<div class=\"elementor-widget-container\">\n\t\t\t\t\t<div class=\"elementor-button-wrapper\">\n\t\t\t<a href=\"\/en\/kontakt\/\" class=\"elementor-button-link elementor-button elementor-size-md\" role=\"button\">\n\t\t\t\t\t\t<span class=\"elementor-button-content-wrapper\">\n\t\t\t\t\t\t<span class=\"elementor-button-text\">CONTACT US<\/span>\n\t\t<\/span>\n\t\t\t\t\t<\/a>\n\t\t<\/div>\n\t\t\t\t<\/div>\n\t\t\t\t<\/div>\n\t\t\t\t\t\t<\/div>\n\t\t\t\t\t<\/div>\n\t\t<\/div>\n\t\t\t\t\t\t\t\t<\/div>\n\t\t\t\t\t<\/div>\n\t\t<\/section>\n\t\t\t\t\t\t<\/div>\n\t\t\t\t\t\t<\/div>\n\t\t\t\t\t<\/div>","protected":false},"excerpt":{"rendered":"<p>SERVIS U\u017e viac ako 20 rokov vyv\u00edjame technol\u00f3gie pre r\u00f4zne odvetia priemyslu. N\u00e1\u0161 t\u00edm sk\u00fasen\u00fdch chemick\u00fdch in\u017einierov a laborat\u00f3rnych pracovn\u00edkov v oblasti membr\u00e1novej technol\u00f3gie V\u00e1m navrhne a implementuje optim\u00e1lne pracuj\u00face zariadenia a technol\u00f3gie.\u00a0 Laborat\u00f3rne testy Vyhodnocovanie v\u00fdkonov\u00fdch charakterist\u00edk r\u00f4znych druhov membr\u00e1n (polymernych a keramick\u00fdch) od mikrofiltr\u00e1cie a\u017e po reverzn\u00fa osm\u00f3zu,pre r\u00f4zne m\u00e9dia v plnom rozsahu [&hellip;]<\/p>","protected":false},"author":1,"featured_media":0,"parent":0,"menu_order":0,"comment_status":"closed","ping_status":"closed","template":"","meta":[],"yoast_head":"<!-- This site is optimized with the Yoast SEO plugin v16.0.2 - https:\/\/yoast.com\/wordpress\/plugins\/seo\/ -->\n<title>Servis - CHEZAR spol. s r.o.<\/title>\n<link rel=\"canonical\" href=\"https:\/\/chezar.sk\/en\/servis\/\" \/>\n<meta property=\"og:locale\" content=\"en_GB\" \/>\n<meta property=\"og:type\" content=\"article\" \/>\n<meta property=\"og:title\" content=\"Servis - CHEZAR spol. s r.o.\" \/>\n<meta property=\"og:description\" content=\"SERVIS U\u017e viac ako 20 rokov vyv\u00edjame technol\u00f3gie pre r\u00f4zne odvetia priemyslu. N\u00e1\u0161 t\u00edm sk\u00fasen\u00fdch chemick\u00fdch in\u017einierov a laborat\u00f3rnych pracovn\u00edkov v oblasti membr\u00e1novej technol\u00f3gie V\u00e1m navrhne a implementuje optim\u00e1lne pracuj\u00face zariadenia a technol\u00f3gie.\u00a0 Laborat\u00f3rne testy Vyhodnocovanie v\u00fdkonov\u00fdch charakterist\u00edk r\u00f4znych druhov membr\u00e1n (polymernych a keramick\u00fdch) od mikrofiltr\u00e1cie a\u017e po reverzn\u00fa osm\u00f3zu,pre r\u00f4zne m\u00e9dia v plnom rozsahu [&hellip;]\" \/>\n<meta property=\"og:url\" content=\"https:\/\/chezar.sk\/en\/servis\/\" \/>\n<meta property=\"og:site_name\" content=\"CHEZAR spol. s r.o.\" \/>\n<meta property=\"article:modified_time\" content=\"2020-04-19T08:37:18+00:00\" \/>\n<meta property=\"og:image\" content=\"http:\/\/chezar.sk\/wp-content\/uploads\/2020\/04\/lab-217043_1280.png\" \/>\n<meta name=\"twitter:card\" content=\"summary\" \/>\n<meta name=\"twitter:label1\" content=\"Estimated reading time\">\n\t<meta name=\"twitter:data1\" content=\"1 minute\">\n<script type=\"application\/ld+json\" class=\"yoast-schema-graph\">{\"@context\":\"https:\/\/schema.org\",\"@graph\":[{\"@type\":\"WebSite\",\"@id\":\"https:\/\/chezar.sk\/#website\",\"url\":\"https:\/\/chezar.sk\/\",\"name\":\"CHEZAR spol. s r.o.\",\"description\":\"Filtra\\u010dn\\u00e1 a separa\\u010dn\\u00e1 technika\",\"potentialAction\":[{\"@type\":\"SearchAction\",\"target\":\"https:\/\/chezar.sk\/?s={search_term_string}\",\"query-input\":\"required name=search_term_string\"}],\"inLanguage\":\"en-GB\"},{\"@type\":\"ImageObject\",\"@id\":\"https:\/\/chezar.sk\/servis\/#primaryimage\",\"inLanguage\":\"en-GB\",\"url\":\"http:\/\/chezar.sk\/wp-content\/uploads\/2020\/04\/lab-217043_1280.png\"},{\"@type\":\"WebPage\",\"@id\":\"https:\/\/chezar.sk\/servis\/#webpage\",\"url\":\"https:\/\/chezar.sk\/servis\/\",\"name\":\"Servis - CHEZAR spol. s r.o.\",\"isPartOf\":{\"@id\":\"https:\/\/chezar.sk\/#website\"},\"primaryImageOfPage\":{\"@id\":\"https:\/\/chezar.sk\/servis\/#primaryimage\"},\"datePublished\":\"2019-02-20T09:26:50+00:00\",\"dateModified\":\"2020-04-19T08:37:18+00:00\",\"breadcrumb\":{\"@id\":\"https:\/\/chezar.sk\/servis\/#breadcrumb\"},\"inLanguage\":\"en-GB\",\"potentialAction\":[{\"@type\":\"ReadAction\",\"target\":[\"https:\/\/chezar.sk\/servis\/\"]}]},{\"@type\":\"BreadcrumbList\",\"@id\":\"https:\/\/chezar.sk\/servis\/#breadcrumb\",\"itemListElement\":[{\"@type\":\"ListItem\",\"position\":1,\"item\":{\"@type\":\"WebPage\",\"@id\":\"https:\/\/chezar.sk\/\",\"url\":\"https:\/\/chezar.sk\/\",\"name\":\"Domovsk\\u00e1 str\\u00e1nka\"}},{\"@type\":\"ListItem\",\"position\":2,\"item\":{\"@type\":\"WebPage\",\"@id\":\"https:\/\/chezar.sk\/servis\/\",\"url\":\"https:\/\/chezar.sk\/servis\/\",\"name\":\"Servis\"}}]}]}<\/script>\n<!-- \/ Yoast SEO plugin. -->","uagb_featured_image_src":{"full":false,"thumbnail":false,"medium":false,"medium_large":false,"large":false,"1536x1536":false,"2048x2048":false,"trp-custom-language-flag":false},"uagb_author_info":{"display_name":"AnnaV","author_link":"https:\/\/chezar.sk\/en\/author\/annav\/"},"uagb_comment_info":0,"uagb_excerpt":"SERVIS U\u017e viac ako 20 rokov vyv\u00edjame technol\u00f3gie pre r\u00f4zne odvetia priemyslu. N\u00e1\u0161 t\u00edm sk\u00fasen\u00fdch chemick\u00fdch in\u017einierov a laborat\u00f3rnych pracovn\u00edkov v oblasti membr\u00e1novej technol\u00f3gie V\u00e1m navrhne a implementuje optim\u00e1lne pracuj\u00face zariadenia a technol\u00f3gie.\u00a0 Laborat\u00f3rne testy Vyhodnocovanie v\u00fdkonov\u00fdch charakterist\u00edk r\u00f4znych druhov membr\u00e1n (polymernych a keramick\u00fdch) od mikrofiltr\u00e1cie a\u017e po reverzn\u00fa osm\u00f3zu,pre r\u00f4zne m\u00e9dia v plnom rozsahu&hellip;","_links":{"self":[{"href":"https:\/\/chezar.sk\/en\/wp-json\/wp\/v2\/pages\/298"}],"collection":[{"href":"https:\/\/chezar.sk\/en\/wp-json\/wp\/v2\/pages"}],"about":[{"href":"https:\/\/chezar.sk\/en\/wp-json\/wp\/v2\/types\/page"}],"author":[{"embeddable":true,"href":"https:\/\/chezar.sk\/en\/wp-json\/wp\/v2\/users\/1"}],"replies":[{"embeddable":true,"href":"https:\/\/chezar.sk\/en\/wp-json\/wp\/v2\/comments?post=298"}],"version-history":[{"count":7,"href":"https:\/\/chezar.sk\/en\/wp-json\/wp\/v2\/pages\/298\/revisions"}],"predecessor-version":[{"id":2042,"href":"https:\/\/chezar.sk\/en\/wp-json\/wp\/v2\/pages\/298\/revisions\/2042"}],"wp:attachment":[{"href":"https:\/\/chezar.sk\/en\/wp-json\/wp\/v2\/media?parent=298"}],"curies":[{"name":"wp","href":"https:\/\/api.w.org\/{rel}","templated":true}]}}