{"id":1741,"date":"2021-01-20T11:51:45","date_gmt":"2021-01-20T09:51:45","guid":{"rendered":"https:\/\/chezar.sk\/?page_id=1741"},"modified":"2021-03-02T19:38:58","modified_gmt":"2021-03-02T17:38:58","slug":"uprava-vody","status":"publish","type":"page","link":"https:\/\/chezar.sk\/en\/uprava-vody\/","title":{"rendered":"Municipal water"},"content":{"rendered":"<div data-elementor-type=\"wp-page\" data-elementor-id=\"1741\" class=\"elementor elementor-1741\" data-elementor-settings=\"[]\">\n\t\t\t\t\t\t<div class=\"elementor-inner\">\n\t\t\t\t\t\t\t<div class=\"elementor-section-wrap\">\n\t\t\t\t\t\t\t<section class=\"elementor-section elementor-top-section elementor-element elementor-element-6d98a98 elementor-section-full_width elementor-section-height-min-height elementor-section-height-default elementor-section-items-middle\" data-id=\"6d98a98\" data-element_type=\"section\" data-settings=\"{&quot;background_background&quot;:&quot;classic&quot;}\">\n\t\t\t\t\t\t\t<div class=\"elementor-background-overlay\"><\/div>\n\t\t\t\t\t\t\t<div class=\"elementor-container elementor-column-gap-default\">\n\t\t\t\t\t\t\t<div class=\"elementor-row\">\n\t\t\t\t\t<div class=\"elementor-column elementor-col-100 elementor-top-column elementor-element elementor-element-a203cec\" data-id=\"a203cec\" data-element_type=\"column\">\n\t\t\t<div class=\"elementor-column-wrap elementor-element-populated\">\n\t\t\t\t\t\t\t<div class=\"elementor-widget-wrap\">\n\t\t\t\t\t\t<div class=\"elementor-element elementor-element-a9f6832 elementor-widget elementor-widget-heading\" data-id=\"a9f6832\" data-element_type=\"widget\" data-widget_type=\"heading.default\">\n\t\t\t\t<div class=\"elementor-widget-container\">\n\t\t\t<h2 class=\"elementor-heading-title elementor-size-default\">Municipal water<\/h2>\t\t<\/div>\n\t\t\t\t<\/div>\n\t\t\t\t\t\t<\/div>\n\t\t\t\t\t<\/div>\n\t\t<\/div>\n\t\t\t\t\t\t\t\t<\/div>\n\t\t\t\t\t<\/div>\n\t\t<\/section>\n\t\t\t\t<section class=\"elementor-section elementor-top-section elementor-element elementor-element-32bbacf elementor-section-boxed elementor-section-height-default elementor-section-height-default\" data-id=\"32bbacf\" data-element_type=\"section\">\n\t\t\t\t\t\t<div class=\"elementor-container elementor-column-gap-default\">\n\t\t\t\t\t\t\t<div class=\"elementor-row\">\n\t\t\t\t\t<div class=\"elementor-column elementor-col-100 elementor-top-column elementor-element elementor-element-fd26b4f\" data-id=\"fd26b4f\" data-element_type=\"column\">\n\t\t\t<div class=\"elementor-column-wrap elementor-element-populated\">\n\t\t\t\t\t\t\t<div class=\"elementor-widget-wrap\">\n\t\t\t\t\t\t<div class=\"elementor-element elementor-element-d0b5ec2 elementor-widget elementor-widget-text-editor\" data-id=\"d0b5ec2\" data-element_type=\"widget\" data-widget_type=\"text-editor.default\">\n\t\t\t\t<div class=\"elementor-widget-container\">\n\t\t\t\t\t<div class=\"elementor-text-editor elementor-clearfix\"><p>Na\u0161e pokrokov\u00e9 technol\u00f3gie \u00fapravy vody sp\u013a\u0148aj\u00fa po\u017eadovan\u00e9 \u0161tandardy vy\u010distenej vody, a to z r\u00f4znych zdrojov, vr\u00e1tane podzemnej \u010di povrchovej vody. Na\u0161e rie\u0161enia s\u00fa cenovo v\u00fdhodn\u00e9, zni\u017euj\u00fa n\u00e1klady na pr\u00e1cu, energie a \u010distiace chemik\u00e1lie, pri\u010dom odstra\u0148uj\u00fa z\u00e1kal, nerozpustn\u00e9 l\u00e1tky, v\u00edrusy, bakt\u00e9rie \u010di kovy.\u00a0<\/p><\/div>\n\t\t\t\t<\/div>\n\t\t\t\t<\/div>\n\t\t\t\t\t\t<\/div>\n\t\t\t\t\t<\/div>\n\t\t<\/div>\n\t\t\t\t\t\t\t\t<\/div>\n\t\t\t\t\t<\/div>\n\t\t<\/section>\n\t\t\t\t<section class=\"elementor-section elementor-top-section elementor-element elementor-element-9c02f20 elementor-section-boxed elementor-section-height-default elementor-section-height-default\" data-id=\"9c02f20\" data-element_type=\"section\">\n\t\t\t\t\t\t<div class=\"elementor-container elementor-column-gap-default\">\n\t\t\t\t\t\t\t<div class=\"elementor-row\">\n\t\t\t\t\t<div class=\"elementor-column elementor-col-50 elementor-top-column elementor-element elementor-element-6461533\" data-id=\"6461533\" data-element_type=\"column\">\n\t\t\t<div class=\"elementor-column-wrap elementor-element-populated\">\n\t\t\t\t\t\t\t<div class=\"elementor-widget-wrap\">\n\t\t\t\t\t\t<div class=\"elementor-element elementor-element-3e553e0 elementor-widget elementor-widget-image\" data-id=\"3e553e0\" data-element_type=\"widget\" data-widget_type=\"image.default\">\n\t\t\t\t<div class=\"elementor-widget-container\">\n\t\t\t\t\t<div class=\"elementor-image\">\n\t\t\t\t\t\t\t\t\t\t<img src=\"https:\/\/chezar.sk\/wp-content\/uploads\/elementor\/thumbs\/UF-Syste\u0301my-p1ngyraoivw4eyrrhhuzsliv7sitr7u3j2lklbozvs.png\" title=\"UF Syste\u0301my\" alt=\"UF Syste\u0301my\" \/>\t\t\t\t\t\t\t\t\t\t\t<\/div>\n\t\t\t\t<\/div>\n\t\t\t\t<\/div>\n\t\t\t\t\t\t<\/div>\n\t\t\t\t\t<\/div>\n\t\t<\/div>\n\t\t\t\t<div class=\"elementor-column elementor-col-50 elementor-top-column elementor-element elementor-element-1a87c7c\" data-id=\"1a87c7c\" data-element_type=\"column\">\n\t\t\t<div class=\"elementor-column-wrap elementor-element-populated\">\n\t\t\t\t\t\t\t<div class=\"elementor-widget-wrap\">\n\t\t\t\t\t\t<div class=\"elementor-element elementor-element-80877bf elementor-widget elementor-widget-heading\" data-id=\"80877bf\" data-element_type=\"widget\" data-widget_type=\"heading.default\">\n\t\t\t\t<div class=\"elementor-widget-container\">\n\t\t\t<h2 class=\"elementor-heading-title elementor-size-default\">UF Syst\u00e9my<\/h2>\t\t<\/div>\n\t\t\t\t<\/div>\n\t\t\t\t<div class=\"elementor-element elementor-element-582fcab elementor-widget elementor-widget-text-editor\" data-id=\"582fcab\" data-element_type=\"widget\" data-widget_type=\"text-editor.default\">\n\t\t\t\t<div class=\"elementor-widget-container\">\n\t\t\t\t\t<div class=\"elementor-text-editor elementor-clearfix\"><p>Membr\u00e1nov\u00e9 ultrafiltra\u010dn\u00e9 zariadenia sl\u00fa\u017eia na v\u00fdrobu \u010distej a bezpe\u010dnej vody pre komun\u00e1lne a priemyseln\u00e9 \u00fa\u010dely. Tieto syst\u00e9my s\u00fa dod\u00e1van\u00e9 na k\u013e\u00fa\u010d, kombinuj\u00fa efektivitu procesu a zv\u00fd\u0161en\u00faflexibilitu pri \u0161irokej produkcii od 50 \u2013 100 000 m<sup>3<\/sup>\/d. S\u00fa navrhovan\u00e9 pre nov\u00e9 in\u0161tal\u00e1cie ako aj pre moderniz\u00e1ciu existuj\u00facich syst\u00e9mov.<\/p><\/div>\n\t\t\t\t<\/div>\n\t\t\t\t<\/div>\n\t\t\t\t<div class=\"elementor-element elementor-element-6876934 elementor-align-left elementor-widget elementor-widget-button\" data-id=\"6876934\" data-element_type=\"widget\" data-widget_type=\"button.default\">\n\t\t\t\t<div class=\"elementor-widget-container\">\n\t\t\t\t\t<div class=\"elementor-button-wrapper\">\n\t\t\t<a href=\"https:\/\/chezar.sk\/en\/uf-systemy\/\" class=\"elementor-button-link elementor-button elementor-size-sm\" role=\"button\">\n\t\t\t\t\t\t<span class=\"elementor-button-content-wrapper\">\n\t\t\t\t\t\t<span class=\"elementor-button-text\">MORE<\/span>\n\t\t<\/span>\n\t\t\t\t\t<\/a>\n\t\t<\/div>\n\t\t\t\t<\/div>\n\t\t\t\t<\/div>\n\t\t\t\t\t\t<\/div>\n\t\t\t\t\t<\/div>\n\t\t<\/div>\n\t\t\t\t\t\t\t\t<\/div>\n\t\t\t\t\t<\/div>\n\t\t<\/section>\n\t\t\t\t<section class=\"elementor-section elementor-top-section elementor-element elementor-element-dfec7cf elementor-section-boxed elementor-section-height-default elementor-section-height-default\" data-id=\"dfec7cf\" data-element_type=\"section\">\n\t\t\t\t\t\t<div class=\"elementor-container elementor-column-gap-default\">\n\t\t\t\t\t\t\t<div class=\"elementor-row\">\n\t\t\t\t\t<div class=\"elementor-column elementor-col-50 elementor-top-column elementor-element elementor-element-a82750c\" data-id=\"a82750c\" data-element_type=\"column\">\n\t\t\t<div class=\"elementor-column-wrap elementor-element-populated\">\n\t\t\t\t\t\t\t<div class=\"elementor-widget-wrap\">\n\t\t\t\t\t\t<div class=\"elementor-element elementor-element-e46c7bc elementor-widget elementor-widget-heading\" data-id=\"e46c7bc\" data-element_type=\"widget\" data-widget_type=\"heading.default\">\n\t\t\t\t<div class=\"elementor-widget-container\">\n\t\t\t<h2 class=\"elementor-heading-title elementor-size-default\">RO syst\u00e9my<\/h2>\t\t<\/div>\n\t\t\t\t<\/div>\n\t\t\t\t<div class=\"elementor-element elementor-element-f706c7a elementor-widget elementor-widget-text-editor\" data-id=\"f706c7a\" data-element_type=\"widget\" data-widget_type=\"text-editor.default\">\n\t\t\t\t<div class=\"elementor-widget-container\">\n\t\t\t\t\t<div class=\"elementor-text-editor elementor-clearfix\"><p>Syst\u00e9my vytv\u00e1raj\u00fa siln\u00fd tlakov\u00fd gradient na prenos vody cez polopriepustn\u00fa membr\u00e1nu. V tomto procese s\u00fa soli a \u010fal\u0161ie v\u00e4\u010d\u0161ie molekuly zanechan\u00e9 v koncentrovanom pr\u00fade, zatia\u013e \u010do sa produkuje pr\u00fad vy\u010disten\u00e9ho perme\u00e1tu. Reverzn\u00e1 osm\u00f3za nach\u00e1dza uplatnenie nielen pri v\u00fdrobe procesnej ultra\u010distej vody ale aj v potravin\u00e1rstve, zdravotn\u00edctve \u010di farm\u00e1cii. CHEZAR pon\u00faka taktie\u017e kompletn\u00e9 syst\u00e9my, ktor\u00e9 integruj\u00fa elektrodioniz\u00e1ciu (EDI) alebo ultrafiltr\u00e1ciu (UF).<\/p><\/div>\n\t\t\t\t<\/div>\n\t\t\t\t<\/div>\n\t\t\t\t<div class=\"elementor-element elementor-element-afc52b3 elementor-align-left elementor-widget elementor-widget-button\" data-id=\"afc52b3\" data-element_type=\"widget\" data-widget_type=\"button.default\">\n\t\t\t\t<div class=\"elementor-widget-container\">\n\t\t\t\t\t<div class=\"elementor-button-wrapper\">\n\t\t\t<a href=\"https:\/\/chezar.sk\/en\/ro-systemy\/\" class=\"elementor-button-link elementor-button elementor-size-sm\" role=\"button\">\n\t\t\t\t\t\t<span class=\"elementor-button-content-wrapper\">\n\t\t\t\t\t\t<span class=\"elementor-button-text\">MORE<\/span>\n\t\t<\/span>\n\t\t\t\t\t<\/a>\n\t\t<\/div>\n\t\t\t\t<\/div>\n\t\t\t\t<\/div>\n\t\t\t\t\t\t<\/div>\n\t\t\t\t\t<\/div>\n\t\t<\/div>\n\t\t\t\t<div class=\"elementor-column elementor-col-50 elementor-top-column elementor-element elementor-element-c2b5cd5\" data-id=\"c2b5cd5\" data-element_type=\"column\">\n\t\t\t<div class=\"elementor-column-wrap elementor-element-populated\">\n\t\t\t\t\t\t\t<div class=\"elementor-widget-wrap\">\n\t\t\t\t\t\t<div class=\"elementor-element elementor-element-c2ea396 elementor-widget elementor-widget-image\" data-id=\"c2ea396\" data-element_type=\"widget\" data-widget_type=\"image.default\">\n\t\t\t\t<div class=\"elementor-widget-container\">\n\t\t\t\t\t<div class=\"elementor-image\">\n\t\t\t\t\t\t\t\t\t\t<img src=\"https:\/\/chezar.sk\/wp-content\/uploads\/elementor\/thumbs\/RO-syste\u0301my-p1nh7mvt2k1m2dvjnc05ccvl6srmgb2u30enrej516.png\" title=\"RO syste\u0301my\" alt=\"RO syste\u0301my\" \/>\t\t\t\t\t\t\t\t\t\t\t<\/div>\n\t\t\t\t<\/div>\n\t\t\t\t<\/div>\n\t\t\t\t\t\t<\/div>\n\t\t\t\t\t<\/div>\n\t\t<\/div>\n\t\t\t\t\t\t\t\t<\/div>\n\t\t\t\t\t<\/div>\n\t\t<\/section>\n\t\t\t\t<section class=\"elementor-section elementor-top-section elementor-element elementor-element-36213d5 elementor-section-boxed elementor-section-height-default elementor-section-height-default\" data-id=\"36213d5\" data-element_type=\"section\">\n\t\t\t\t\t\t<div class=\"elementor-container elementor-column-gap-default\">\n\t\t\t\t\t\t\t<div class=\"elementor-row\">\n\t\t\t\t\t<div class=\"elementor-column elementor-col-50 elementor-top-column elementor-element elementor-element-a076df0\" data-id=\"a076df0\" data-element_type=\"column\">\n\t\t\t<div class=\"elementor-column-wrap elementor-element-populated\">\n\t\t\t\t\t\t\t<div class=\"elementor-widget-wrap\">\n\t\t\t\t\t\t<div class=\"elementor-element elementor-element-94949c0 elementor-widget elementor-widget-image\" data-id=\"94949c0\" data-element_type=\"widget\" data-widget_type=\"image.default\">\n\t\t\t\t<div class=\"elementor-widget-container\">\n\t\t\t\t\t<div class=\"elementor-image\">\n\t\t\t\t\t\t\t\t\t\t<img src=\"https:\/\/chezar.sk\/wp-content\/uploads\/elementor\/thumbs\/EDI-p1nhijsayogfhp1htn7qzu48po24yqx6z26texlvo4.png\" title=\"EDI\" alt=\"EDI\" \/>\t\t\t\t\t\t\t\t\t\t\t<\/div>\n\t\t\t\t<\/div>\n\t\t\t\t<\/div>\n\t\t\t\t\t\t<\/div>\n\t\t\t\t\t<\/div>\n\t\t<\/div>\n\t\t\t\t<div class=\"elementor-column elementor-col-50 elementor-top-column elementor-element elementor-element-e45dd1a\" data-id=\"e45dd1a\" data-element_type=\"column\">\n\t\t\t<div class=\"elementor-column-wrap elementor-element-populated\">\n\t\t\t\t\t\t\t<div class=\"elementor-widget-wrap\">\n\t\t\t\t\t\t<div class=\"elementor-element elementor-element-6e164c3 elementor-widget elementor-widget-heading\" data-id=\"6e164c3\" data-element_type=\"widget\" data-widget_type=\"heading.default\">\n\t\t\t\t<div class=\"elementor-widget-container\">\n\t\t\t<h2 class=\"elementor-heading-title elementor-size-default\">EDI Syst\u00e9my<\/h2>\t\t<\/div>\n\t\t\t\t<\/div>\n\t\t\t\t<div class=\"elementor-element elementor-element-d44c08b elementor-widget elementor-widget-text-editor\" data-id=\"d44c08b\" data-element_type=\"widget\" data-widget_type=\"text-editor.default\">\n\t\t\t\t<div class=\"elementor-widget-container\">\n\t\t\t\t\t<div class=\"elementor-text-editor elementor-clearfix\"><p>Technol\u00f3gia elektrodeioniz\u00e1cie (EDI) odstra\u0148uje zvy\u0161ky sol\u00ed<br \/>a ionizovate\u013en\u00fdch prvkov (oxid uhli\u010dit\u00fd, oxid kremi\u010dit\u00fd, amoniak \u010di b\u00f3r. Syst\u00e9my EDI pracuj\u00fa bez chemik\u00e1li\u00ed, dosahuj\u00fa a\u017e 97 % v\u00fd\u0165a\u017enos\u0165, pri\u010dom spotreb\u00favaj\u00fa iba elektrinu. S\u00fa ide\u00e1lne pre v\u00fdrobu ultra\u010distej vody pre energetick\u00fd, potravin\u00e1rsky \u010di farmaceutick\u00fd priemysel, ako aj pri v\u00fdrobe polovodi\u010dov a mikroelektroniky.<\/p><\/div>\n\t\t\t\t<\/div>\n\t\t\t\t<\/div>\n\t\t\t\t<div class=\"elementor-element elementor-element-1f2e2a3 elementor-align-left elementor-widget elementor-widget-button\" data-id=\"1f2e2a3\" data-element_type=\"widget\" data-widget_type=\"button.default\">\n\t\t\t\t<div class=\"elementor-widget-container\">\n\t\t\t\t\t<div class=\"elementor-button-wrapper\">\n\t\t\t<a href=\"https:\/\/chezar.sk\/en\/edi-systemy\/\" class=\"elementor-button-link elementor-button elementor-size-sm\" role=\"button\">\n\t\t\t\t\t\t<span class=\"elementor-button-content-wrapper\">\n\t\t\t\t\t\t<span class=\"elementor-button-text\">MORE<\/span>\n\t\t<\/span>\n\t\t\t\t\t<\/a>\n\t\t<\/div>\n\t\t\t\t<\/div>\n\t\t\t\t<\/div>\n\t\t\t\t\t\t<\/div>\n\t\t\t\t\t<\/div>\n\t\t<\/div>\n\t\t\t\t\t\t\t\t<\/div>\n\t\t\t\t\t<\/div>\n\t\t<\/section>\n\t\t\t\t<section class=\"elementor-section elementor-top-section elementor-element elementor-element-4a76686c elementor-section-boxed elementor-section-height-default elementor-section-height-default\" data-id=\"4a76686c\" data-element_type=\"section\">\n\t\t\t\t\t\t<div class=\"elementor-container elementor-column-gap-default\">\n\t\t\t\t\t\t\t<div class=\"elementor-row\">\n\t\t\t\t\t\t\t\t\t<\/div>\n\t\t\t\t\t<\/div>\n\t\t<\/section>\n\t\t\t\t<section class=\"elementor-section elementor-top-section elementor-element elementor-element-fc6072d elementor-section-boxed elementor-section-height-default elementor-section-height-default\" data-id=\"fc6072d\" data-element_type=\"section\">\n\t\t\t\t\t\t<div class=\"elementor-container elementor-column-gap-default\">\n\t\t\t\t\t\t\t<div class=\"elementor-row\">\n\t\t\t\t\t<div class=\"elementor-column elementor-col-50 elementor-top-column elementor-element elementor-element-6f1f7b26\" data-id=\"6f1f7b26\" data-element_type=\"column\">\n\t\t\t<div class=\"elementor-column-wrap elementor-element-populated\">\n\t\t\t\t\t\t\t<div class=\"elementor-widget-wrap\">\n\t\t\t\t\t\t<div class=\"elementor-element elementor-element-323ee3a elementor-widget elementor-widget-heading\" data-id=\"323ee3a\" data-element_type=\"widget\" data-widget_type=\"heading.default\">\n\t\t\t\t<div class=\"elementor-widget-container\">\n\t\t\t<h2 class=\"elementor-heading-title elementor-size-default\">Softeners<\/h2>\t\t<\/div>\n\t\t\t\t<\/div>\n\t\t\t\t<div class=\"elementor-element elementor-element-6897028 elementor-widget elementor-widget-text-editor\" data-id=\"6897028\" data-element_type=\"widget\" data-widget_type=\"text-editor.default\">\n\t\t\t\t<div class=\"elementor-widget-container\">\n\t\t\t\t\t<div class=\"elementor-text-editor elementor-clearfix\"><p>Zm\u00e4k\u010dovacie jednotky sl\u00fa\u017eia na odstr\u00e1nenie ne\u017eiad\u00faceho v\u00e1pnika a hor\u010d\u00edka. Tieto syst\u00e9my sa vyu\u017e\u00edvaj\u00fa ako samostatn\u00e9 jednotky pri v\u00fdrobe zm\u00e4k\u010denej vody alebo ako syst\u00e9my pred\u00fapravi pre reverzn\u00fa osm\u00f3zu. Spolo\u010dnos\u0165 CHEZAR spol s r.o. okrem in\u0161tal\u00e1cie syst\u00e9mov zabezpe\u010duje\u00a0 aj z\u00e1ru\u010dn\u00fd a poz\u00e1ru\u010dn\u00fd servis.<\/p><\/div>\n\t\t\t\t<\/div>\n\t\t\t\t<\/div>\n\t\t\t\t<div class=\"elementor-element elementor-element-77f68f5a elementor-align-left elementor-widget elementor-widget-button\" data-id=\"77f68f5a\" data-element_type=\"widget\" data-widget_type=\"button.default\">\n\t\t\t\t<div class=\"elementor-widget-container\">\n\t\t\t\t\t<div class=\"elementor-button-wrapper\">\n\t\t\t<a href=\"https:\/\/chezar.sk\/en\/zmakcovace\/\" class=\"elementor-button-link elementor-button elementor-size-sm\" role=\"button\">\n\t\t\t\t\t\t<span class=\"elementor-button-content-wrapper\">\n\t\t\t\t\t\t<span class=\"elementor-button-text\">MORE<\/span>\n\t\t<\/span>\n\t\t\t\t\t<\/a>\n\t\t<\/div>\n\t\t\t\t<\/div>\n\t\t\t\t<\/div>\n\t\t\t\t\t\t<\/div>\n\t\t\t\t\t<\/div>\n\t\t<\/div>\n\t\t\t\t<div class=\"elementor-column elementor-col-50 elementor-top-column elementor-element elementor-element-1cf0228\" data-id=\"1cf0228\" data-element_type=\"column\">\n\t\t\t<div class=\"elementor-column-wrap elementor-element-populated\">\n\t\t\t\t\t\t\t<div class=\"elementor-widget-wrap\">\n\t\t\t\t\t\t<div class=\"elementor-element elementor-element-639c602 elementor-widget elementor-widget-image\" data-id=\"639c602\" data-element_type=\"widget\" data-widget_type=\"image.default\">\n\t\t\t\t<div class=\"elementor-widget-container\">\n\t\t\t\t\t<div class=\"elementor-image\">\n\t\t\t\t\t\t\t\t\t\t<img src=\"https:\/\/chezar.sk\/wp-content\/uploads\/elementor\/thumbs\/Zmakcovac-p1nhwp8u3nl0imnd7bva925qt7gkbvcm8rlgcley5y.png\" title=\"Zmakcovac\" alt=\"Zmakcovac\" \/>\t\t\t\t\t\t\t\t\t\t\t<\/div>\n\t\t\t\t<\/div>\n\t\t\t\t<\/div>\n\t\t\t\t\t\t<\/div>\n\t\t\t\t\t<\/div>\n\t\t<\/div>\n\t\t\t\t\t\t\t\t<\/div>\n\t\t\t\t\t<\/div>\n\t\t<\/section>\n\t\t\t\t<section class=\"elementor-section elementor-top-section elementor-element elementor-element-84e13f9 elementor-section-boxed elementor-section-height-default elementor-section-height-default\" data-id=\"84e13f9\" data-element_type=\"section\">\n\t\t\t\t\t\t<div class=\"elementor-container elementor-column-gap-default\">\n\t\t\t\t\t\t\t<div class=\"elementor-row\">\n\t\t\t\t\t<div class=\"elementor-column elementor-col-100 elementor-top-column elementor-element elementor-element-1cdd7e0\" data-id=\"1cdd7e0\" data-element_type=\"column\">\n\t\t\t<div class=\"elementor-column-wrap elementor-element-populated\">\n\t\t\t\t\t\t\t<div class=\"elementor-widget-wrap\">\n\t\t\t\t\t\t<div class=\"elementor-element elementor-element-4a689e3 elementor-widget elementor-widget-heading\" data-id=\"4a689e3\" data-element_type=\"widget\" data-widget_type=\"heading.default\">\n\t\t\t\t<div class=\"elementor-widget-container\">\n\t\t\t<h2 class=\"elementor-heading-title elementor-size-default\">MBR<\/h2>\t\t<\/div>\n\t\t\t\t<\/div>\n\t\t\t\t<div class=\"elementor-element elementor-element-bf4b9bd elementor-widget elementor-widget-text-editor\" data-id=\"bf4b9bd\" data-element_type=\"widget\" data-widget_type=\"text-editor.default\">\n\t\t\t\t<div class=\"elementor-widget-container\">\n\t\t\t\t\t<div class=\"elementor-text-editor elementor-clearfix\"><p>Membr\u00e1nov\u00fd bioreaktor je kombin\u00e1ciou membr\u00e1novej technol\u00f3gie, akou je mikrofiltr\u00e1cia \u010di ultrafiltr\u00e1cia, s procesom biologick\u00e9ho \u010distenia odpadov\u00fdch v\u00f4d. T\u00e1to nov\u00e1 technol\u00f3gia zaznamen\u00e1vav posledn\u00fdch rokoch enormn\u00fd n\u00e1rast nov\u00fdch in\u0161tal\u00e1cii po svete.<\/p><\/div>\n\t\t\t\t<\/div>\n\t\t\t\t<\/div>\n\t\t\t\t<div class=\"elementor-element elementor-element-16d69fc elementor-align-left elementor-widget elementor-widget-button\" data-id=\"16d69fc\" data-element_type=\"widget\" data-widget_type=\"button.default\">\n\t\t\t\t<div class=\"elementor-widget-container\">\n\t\t\t\t\t<div class=\"elementor-button-wrapper\">\n\t\t\t<a href=\"https:\/\/chezar.sk\/en\/mbr\/\" class=\"elementor-button-link elementor-button elementor-size-sm\" role=\"button\">\n\t\t\t\t\t\t<span class=\"elementor-button-content-wrapper\">\n\t\t\t\t\t\t<span class=\"elementor-button-text\">MORE<\/span>\n\t\t<\/span>\n\t\t\t\t\t<\/a>\n\t\t<\/div>\n\t\t\t\t<\/div>\n\t\t\t\t<\/div>\n\t\t\t\t\t\t<\/div>\n\t\t\t\t\t<\/div>\n\t\t<\/div>\n\t\t\t\t\t\t\t\t<\/div>\n\t\t\t\t\t<\/div>\n\t\t<\/section>\n\t\t\t\t\t\t<\/div>\n\t\t\t\t\t\t<\/div>\n\t\t\t\t\t<\/div>","protected":false},"excerpt":{"rendered":"<p>\u00daprava vody Na\u0161e pokrokov\u00e9 technol\u00f3gie \u00fapravy vody sp\u013a\u0148aj\u00fa po\u017eadovan\u00e9 \u0161tandardy vy\u010distenej vody, a to z r\u00f4znych zdrojov, vr\u00e1tane podzemnej \u010di povrchovej vody. Na\u0161e rie\u0161enia s\u00fa cenovo v\u00fdhodn\u00e9, zni\u017euj\u00fa n\u00e1klady na pr\u00e1cu, energie a \u010distiace chemik\u00e1lie, pri\u010dom odstra\u0148uj\u00fa z\u00e1kal, nerozpustn\u00e9 l\u00e1tky, v\u00edrusy, bakt\u00e9rie \u010di kovy.\u00a0 UF Syst\u00e9my Membr\u00e1nov\u00e9 ultrafiltra\u010dn\u00e9 zariadenia sl\u00fa\u017eia na v\u00fdrobu \u010distej a bezpe\u010dnej [&hellip;]<\/p>","protected":false},"author":1,"featured_media":0,"parent":0,"menu_order":0,"comment_status":"closed","ping_status":"closed","template":"","meta":[],"yoast_head":"<!-- This site is optimized with the Yoast SEO plugin v16.0.2 - https:\/\/yoast.com\/wordpress\/plugins\/seo\/ -->\n<title>\u00daprava vody - CHEZAR spol. s r.o.<\/title>\n<link rel=\"canonical\" href=\"https:\/\/chezar.sk\/en\/uprava-vody\/\" \/>\n<meta property=\"og:locale\" content=\"en_GB\" \/>\n<meta property=\"og:type\" content=\"article\" \/>\n<meta property=\"og:title\" content=\"\u00daprava vody - CHEZAR spol. s r.o.\" \/>\n<meta property=\"og:description\" content=\"\u00daprava vody Na\u0161e pokrokov\u00e9 technol\u00f3gie \u00fapravy vody sp\u013a\u0148aj\u00fa po\u017eadovan\u00e9 \u0161tandardy vy\u010distenej vody, a to z r\u00f4znych zdrojov, vr\u00e1tane podzemnej \u010di povrchovej vody. Na\u0161e rie\u0161enia s\u00fa cenovo v\u00fdhodn\u00e9, zni\u017euj\u00fa n\u00e1klady na pr\u00e1cu, energie a \u010distiace chemik\u00e1lie, pri\u010dom odstra\u0148uj\u00fa z\u00e1kal, nerozpustn\u00e9 l\u00e1tky, v\u00edrusy, bakt\u00e9rie \u010di kovy.\u00a0 UF Syst\u00e9my Membr\u00e1nov\u00e9 ultrafiltra\u010dn\u00e9 zariadenia sl\u00fa\u017eia na v\u00fdrobu \u010distej a bezpe\u010dnej [&hellip;]\" \/>\n<meta property=\"og:url\" content=\"https:\/\/chezar.sk\/en\/uprava-vody\/\" \/>\n<meta property=\"og:site_name\" content=\"CHEZAR spol. s r.o.\" \/>\n<meta property=\"article:modified_time\" content=\"2021-03-02T17:38:58+00:00\" \/>\n<meta property=\"og:image\" content=\"https:\/\/chezar.sk\/wp-content\/uploads\/elementor\/thumbs\/UF-Syste\u0301my-p1ngyraoivw4eyrrhhuzsliv7sitr7u3j2lklbozw2.png\" \/>\n<meta name=\"twitter:card\" content=\"summary\" \/>\n<meta name=\"twitter:label1\" content=\"Estimated reading time\">\n\t<meta name=\"twitter:data1\" content=\"2 minutes\">\n<script type=\"application\/ld+json\" class=\"yoast-schema-graph\">{\"@context\":\"https:\/\/schema.org\",\"@graph\":[{\"@type\":\"WebSite\",\"@id\":\"https:\/\/chezar.sk\/#website\",\"url\":\"https:\/\/chezar.sk\/\",\"name\":\"CHEZAR spol. s r.o.\",\"description\":\"Filtra\\u010dn\\u00e1 a separa\\u010dn\\u00e1 technika\",\"potentialAction\":[{\"@type\":\"SearchAction\",\"target\":\"https:\/\/chezar.sk\/?s={search_term_string}\",\"query-input\":\"required name=search_term_string\"}],\"inLanguage\":\"en-GB\"},{\"@type\":\"ImageObject\",\"@id\":\"https:\/\/chezar.sk\/uprava-vody\/#primaryimage\",\"inLanguage\":\"en-GB\",\"url\":\"https:\/\/chezar.sk\/wp-content\/uploads\/elementor\/thumbs\/UF-Syste\\u0301my-p1ngyraoivw4eyrrhhuzsliv7sitr7u3j2lklbozw2.png\"},{\"@type\":\"WebPage\",\"@id\":\"https:\/\/chezar.sk\/uprava-vody\/#webpage\",\"url\":\"https:\/\/chezar.sk\/uprava-vody\/\",\"name\":\"\\u00daprava vody - CHEZAR spol. s r.o.\",\"isPartOf\":{\"@id\":\"https:\/\/chezar.sk\/#website\"},\"primaryImageOfPage\":{\"@id\":\"https:\/\/chezar.sk\/uprava-vody\/#primaryimage\"},\"datePublished\":\"2021-01-20T09:51:45+00:00\",\"dateModified\":\"2021-03-02T17:38:58+00:00\",\"breadcrumb\":{\"@id\":\"https:\/\/chezar.sk\/uprava-vody\/#breadcrumb\"},\"inLanguage\":\"en-GB\",\"potentialAction\":[{\"@type\":\"ReadAction\",\"target\":[\"https:\/\/chezar.sk\/uprava-vody\/\"]}]},{\"@type\":\"BreadcrumbList\",\"@id\":\"https:\/\/chezar.sk\/uprava-vody\/#breadcrumb\",\"itemListElement\":[{\"@type\":\"ListItem\",\"position\":1,\"item\":{\"@type\":\"WebPage\",\"@id\":\"https:\/\/chezar.sk\/\",\"url\":\"https:\/\/chezar.sk\/\",\"name\":\"Domovsk\\u00e1 str\\u00e1nka\"}},{\"@type\":\"ListItem\",\"position\":2,\"item\":{\"@type\":\"WebPage\",\"@id\":\"https:\/\/chezar.sk\/uprava-vody\/\",\"url\":\"https:\/\/chezar.sk\/uprava-vody\/\",\"name\":\"\\u00daprava vody\"}}]}]}<\/script>\n<!-- \/ Yoast SEO plugin. -->","uagb_featured_image_src":{"full":false,"thumbnail":false,"medium":false,"medium_large":false,"large":false,"1536x1536":false,"2048x2048":false,"trp-custom-language-flag":false},"uagb_author_info":{"display_name":"AnnaV","author_link":"https:\/\/chezar.sk\/en\/author\/annav\/"},"uagb_comment_info":0,"uagb_excerpt":"\u00daprava vody Na\u0161e pokrokov\u00e9 technol\u00f3gie \u00fapravy vody sp\u013a\u0148aj\u00fa po\u017eadovan\u00e9 \u0161tandardy vy\u010distenej vody, a to z r\u00f4znych zdrojov, vr\u00e1tane podzemnej \u010di povrchovej vody. Na\u0161e rie\u0161enia s\u00fa cenovo v\u00fdhodn\u00e9, zni\u017euj\u00fa n\u00e1klady na pr\u00e1cu, energie a \u010distiace chemik\u00e1lie, pri\u010dom odstra\u0148uj\u00fa z\u00e1kal, nerozpustn\u00e9 l\u00e1tky, v\u00edrusy, bakt\u00e9rie \u010di kovy.\u00a0 UF Syst\u00e9my Membr\u00e1nov\u00e9 ultrafiltra\u010dn\u00e9 zariadenia sl\u00fa\u017eia na v\u00fdrobu \u010distej a bezpe\u010dnej&hellip;","_links":{"self":[{"href":"https:\/\/chezar.sk\/en\/wp-json\/wp\/v2\/pages\/1741"}],"collection":[{"href":"https:\/\/chezar.sk\/en\/wp-json\/wp\/v2\/pages"}],"about":[{"href":"https:\/\/chezar.sk\/en\/wp-json\/wp\/v2\/types\/page"}],"author":[{"embeddable":true,"href":"https:\/\/chezar.sk\/en\/wp-json\/wp\/v2\/users\/1"}],"replies":[{"embeddable":true,"href":"https:\/\/chezar.sk\/en\/wp-json\/wp\/v2\/comments?post=1741"}],"version-history":[{"count":6,"href":"https:\/\/chezar.sk\/en\/wp-json\/wp\/v2\/pages\/1741\/revisions"}],"predecessor-version":[{"id":1924,"href":"https:\/\/chezar.sk\/en\/wp-json\/wp\/v2\/pages\/1741\/revisions\/1924"}],"wp:attachment":[{"href":"https:\/\/chezar.sk\/en\/wp-json\/wp\/v2\/media?parent=1741"}],"curies":[{"name":"wp","href":"https:\/\/api.w.org\/{rel}","templated":true}]}}