{"id":1690,"date":"2020-07-27T19:37:02","date_gmt":"2020-07-27T17:37:02","guid":{"rendered":"http:\/\/chezar.sk\/?page_id=1690"},"modified":"2021-03-21T14:13:07","modified_gmt":"2021-03-21T12:13:07","slug":"produkty","status":"publish","type":"page","link":"https:\/\/chezar.sk\/en\/produkty\/","title":{"rendered":"Produkty"},"content":{"rendered":"<div data-elementor-type=\"wp-page\" data-elementor-id=\"1690\" class=\"elementor elementor-1690\" data-elementor-settings=\"[]\">\n\t\t\t\t\t\t<div class=\"elementor-inner\">\n\t\t\t\t\t\t\t<div class=\"elementor-section-wrap\">\n\t\t\t\t\t\t\t<section class=\"elementor-section elementor-top-section elementor-element elementor-element-35cdf40b elementor-section-full_width elementor-section-height-min-height elementor-section-height-default elementor-section-items-middle\" data-id=\"35cdf40b\" data-element_type=\"section\" data-settings=\"{&quot;background_background&quot;:&quot;classic&quot;}\">\n\t\t\t\t\t\t\t<div class=\"elementor-background-overlay\"><\/div>\n\t\t\t\t\t\t\t<div class=\"elementor-container elementor-column-gap-default\">\n\t\t\t\t\t\t\t<div class=\"elementor-row\">\n\t\t\t\t\t<div class=\"elementor-column elementor-col-100 elementor-top-column elementor-element elementor-element-1ea35a2\" data-id=\"1ea35a2\" data-element_type=\"column\">\n\t\t\t<div class=\"elementor-column-wrap elementor-element-populated\">\n\t\t\t\t\t\t\t<div class=\"elementor-widget-wrap\">\n\t\t\t\t\t\t<div class=\"elementor-element elementor-element-58ad0477 elementor-widget elementor-widget-heading\" data-id=\"58ad0477\" data-element_type=\"widget\" data-widget_type=\"heading.default\">\n\t\t\t\t<div class=\"elementor-widget-container\">\n\t\t\t<h2 class=\"elementor-heading-title elementor-size-default\">produkty<\/h2>\t\t<\/div>\n\t\t\t\t<\/div>\n\t\t\t\t\t\t<\/div>\n\t\t\t\t\t<\/div>\n\t\t<\/div>\n\t\t\t\t\t\t\t\t<\/div>\n\t\t\t\t\t<\/div>\n\t\t<\/section>\n\t\t\t\t<section class=\"elementor-section elementor-top-section elementor-element elementor-element-64d7a19 elementor-section-boxed elementor-section-height-default elementor-section-height-default\" data-id=\"64d7a19\" data-element_type=\"section\">\n\t\t\t\t\t\t<div class=\"elementor-container elementor-column-gap-default\">\n\t\t\t\t\t\t\t<div class=\"elementor-row\">\n\t\t\t\t\t<div class=\"elementor-column elementor-col-100 elementor-top-column elementor-element elementor-element-521dfbbf\" data-id=\"521dfbbf\" data-element_type=\"column\">\n\t\t\t<div class=\"elementor-column-wrap elementor-element-populated\">\n\t\t\t\t\t\t\t<div class=\"elementor-widget-wrap\">\n\t\t\t\t\t\t<div class=\"elementor-element elementor-element-3e7a138f elementor-widget elementor-widget-text-editor\" data-id=\"3e7a138f\" data-element_type=\"widget\" data-widget_type=\"text-editor.default\">\n\t\t\t\t<div class=\"elementor-widget-container\">\n\t\t\t\t\t<div class=\"elementor-text-editor elementor-clearfix\"><p class=\"p1\">Spolo\u010dnos\u0165 CHEZAR spol s.r.o je \u0161pecializovan\u00fdm dod\u00e1vate\u013eom t\u00fdch najkvalitnej\u0161\u00edch produktov v oblasti membr\u00e1novej technol\u00f3gie. \u010ci u\u017e sa jedn\u00e1 o ultrafiltra\u010dn\u00e9 \u010di reverzne osmotick\u00e9 membr\u00e1ny, sedimenta\u010dn\u00e9 filtre alebo chemik\u00e1lie potrebn\u00e9 na \u00fapravu vody, zabezpe\u010dujeme vysok\u00fa kvalitu, kr\u00e1tku dobu dodania a v\u00fdhodn\u00fa cenu.<\/p><\/div>\n\t\t\t\t<\/div>\n\t\t\t\t<\/div>\n\t\t\t\t\t\t<\/div>\n\t\t\t\t\t<\/div>\n\t\t<\/div>\n\t\t\t\t\t\t\t\t<\/div>\n\t\t\t\t\t<\/div>\n\t\t<\/section>\n\t\t\t\t<section class=\"elementor-section elementor-top-section elementor-element elementor-element-c006cec elementor-section-boxed elementor-section-height-default elementor-section-height-default\" data-id=\"c006cec\" data-element_type=\"section\">\n\t\t\t\t\t\t<div class=\"elementor-container elementor-column-gap-default\">\n\t\t\t\t\t\t\t<div class=\"elementor-row\">\n\t\t\t\t\t<div class=\"elementor-column elementor-col-50 elementor-top-column elementor-element elementor-element-74646c3\" data-id=\"74646c3\" data-element_type=\"column\">\n\t\t\t<div class=\"elementor-column-wrap elementor-element-populated\">\n\t\t\t\t\t\t\t<div class=\"elementor-widget-wrap\">\n\t\t\t\t\t\t<div class=\"elementor-element elementor-element-1984441 elementor-widget elementor-widget-image\" data-id=\"1984441\" data-element_type=\"widget\" data-widget_type=\"image.default\">\n\t\t\t\t<div class=\"elementor-widget-container\">\n\t\t\t\t\t<div class=\"elementor-image\">\n\t\t\t\t\t\t\t\t\t\t<img width=\"1017\" height=\"1024\" src=\"https:\/\/chezar.sk\/wp-content\/uploads\/2021\/03\/Sni\u0301mka-obrazovky-2021-03-21-o-12.58.06-1017x1024.png\" class=\"attachment-large size-large\" alt=\"membr\u00e1ny\" loading=\"lazy\" srcset=\"https:\/\/chezar.sk\/wp-content\/uploads\/2021\/03\/Sni\u0301mka-obrazovky-2021-03-21-o-12.58.06-1017x1024.png 1017w, https:\/\/chezar.sk\/wp-content\/uploads\/2021\/03\/Sni\u0301mka-obrazovky-2021-03-21-o-12.58.06-298x300.png 298w, https:\/\/chezar.sk\/wp-content\/uploads\/2021\/03\/Sni\u0301mka-obrazovky-2021-03-21-o-12.58.06-150x150.png 150w, https:\/\/chezar.sk\/wp-content\/uploads\/2021\/03\/Sni\u0301mka-obrazovky-2021-03-21-o-12.58.06-768x773.png 768w, https:\/\/chezar.sk\/wp-content\/uploads\/2021\/03\/Sni\u0301mka-obrazovky-2021-03-21-o-12.58.06.png 1478w\" sizes=\"(max-width: 1017px) 100vw, 1017px\" \/>\t\t\t\t\t\t\t\t\t\t\t<\/div>\n\t\t\t\t<\/div>\n\t\t\t\t<\/div>\n\t\t\t\t\t\t<\/div>\n\t\t\t\t\t<\/div>\n\t\t<\/div>\n\t\t\t\t<div class=\"elementor-column elementor-col-50 elementor-top-column elementor-element elementor-element-4952eeb\" data-id=\"4952eeb\" data-element_type=\"column\">\n\t\t\t<div class=\"elementor-column-wrap elementor-element-populated\">\n\t\t\t\t\t\t\t<div class=\"elementor-widget-wrap\">\n\t\t\t\t\t\t<div class=\"elementor-element elementor-element-679b717 elementor-widget elementor-widget-heading\" data-id=\"679b717\" data-element_type=\"widget\" data-widget_type=\"heading.default\">\n\t\t\t\t<div class=\"elementor-widget-container\">\n\t\t\t<h2 class=\"elementor-heading-title elementor-size-default\">membranes<\/h2>\t\t<\/div>\n\t\t\t\t<\/div>\n\t\t\t\t<div class=\"elementor-element elementor-element-95001c3 elementor-widget elementor-widget-text-editor\" data-id=\"95001c3\" data-element_type=\"widget\" data-widget_type=\"text-editor.default\">\n\t\t\t\t<div class=\"elementor-widget-container\">\n\t\t\t\t\t<div class=\"elementor-text-editor elementor-clearfix\"><p>Maximaliz\u00e1cia v\u00fd\u0165a\u017enosti produktu a kvality produktu<\/p><\/div>\n\t\t\t\t<\/div>\n\t\t\t\t<\/div>\n\t\t\t\t<div class=\"elementor-element elementor-element-efbd373 elementor-widget elementor-widget-text-editor\" data-id=\"efbd373\" data-element_type=\"widget\" data-widget_type=\"text-editor.default\">\n\t\t\t\t<div class=\"elementor-widget-container\">\n\t\t\t\t\t<div class=\"elementor-text-editor elementor-clearfix\"><p>Na\u0161e produktov\u00e9 portf\u00f3lio zah\u0155\u0148a r\u00f4zne typy membr\u00e1n (mikrofiltr\u00e1cia, ultrafiltr\u00e1cia nanofiltr\u00e1cia a reverzn\u00e1 osm\u00f3za) a s\u00fa kon\u0161truovan\u00e9 tak, aby vyhovovali po\u017eiadavk\u00e1m pre r\u00f4zne odvetia.<\/p><p>\u2022 V\u00fdroba demineralizovanej vody<br \/>\u2022 Zakoncentrovanie a demineraliz\u00e1cia organick\u00fdch l\u00e1tok(cukry, bielkoviny, srv\u00e1tka)<br \/>\u2022 \u010cistenie a recykl\u00e1cia procesn\u00fdch pr\u00fadov (kyseliny, farbiv\u00e1, biochemick\u00e9 l\u00e1tky)<br \/>\u2022 Z\u00edskavanie cenn\u00fdch prvkov (kovy, miner\u00e1ly, soli)<\/p><\/div>\n\t\t\t\t<\/div>\n\t\t\t\t<\/div>\n\t\t\t\t\t\t<\/div>\n\t\t\t\t\t<\/div>\n\t\t<\/div>\n\t\t\t\t\t\t\t\t<\/div>\n\t\t\t\t\t<\/div>\n\t\t<\/section>\n\t\t\t\t<section class=\"elementor-section elementor-top-section elementor-element elementor-element-31351db elementor-section-boxed elementor-section-height-default elementor-section-height-default\" data-id=\"31351db\" data-element_type=\"section\">\n\t\t\t\t\t\t<div class=\"elementor-container elementor-column-gap-default\">\n\t\t\t\t\t\t\t<div class=\"elementor-row\">\n\t\t\t\t\t<div class=\"elementor-column elementor-col-50 elementor-top-column elementor-element elementor-element-d0bced5\" data-id=\"d0bced5\" data-element_type=\"column\">\n\t\t\t<div class=\"elementor-column-wrap elementor-element-populated\">\n\t\t\t\t\t\t\t<div class=\"elementor-widget-wrap\">\n\t\t\t\t\t\t<div class=\"elementor-element elementor-element-f6d545e elementor-widget elementor-widget-heading\" data-id=\"f6d545e\" data-element_type=\"widget\" data-widget_type=\"heading.default\">\n\t\t\t\t<div class=\"elementor-widget-container\">\n\t\t\t<h2 class=\"elementor-heading-title elementor-size-default\">Filtr\u00e1cia<\/h2>\t\t<\/div>\n\t\t\t\t<\/div>\n\t\t\t\t<div class=\"elementor-element elementor-element-6b26f49 elementor-widget elementor-widget-text-editor\" data-id=\"6b26f49\" data-element_type=\"widget\" data-widget_type=\"text-editor.default\">\n\t\t\t\t<div class=\"elementor-widget-container\">\n\t\t\t\t\t<div class=\"elementor-text-editor elementor-clearfix\"><p>Energeticky efekt\u00edvne, plne prisp\u00f4sobite\u013en\u00e9 filtra\u010dn\u00e9 syst\u00e9my\u00a0<span style=\"font-size: 17px;\">a filtra\u010dn\u00e9 vlo\u017eky<\/span><\/p><\/div>\n\t\t\t\t<\/div>\n\t\t\t\t<\/div>\n\t\t\t\t<div class=\"elementor-element elementor-element-073ccf3 elementor-widget elementor-widget-text-editor\" data-id=\"073ccf3\" data-element_type=\"widget\" data-widget_type=\"text-editor.default\">\n\t\t\t\t<div class=\"elementor-widget-container\">\n\t\t\t\t\t<div class=\"elementor-text-editor elementor-clearfix\"><p>V\u010faka na\u0161ej \u0161irokej \u0161k\u00e1le separa\u010dn\u00fdch m\u00f4\u017eeme zvoli\u0165 najvhodnej\u0161\u00ed filtra\u010dn\u00fd syst\u00e9m pre ka\u017ed\u00fa dan\u00fa aplik\u00e1ciu \u00fapravy vody. Na\u0161e filtra\u010dn\u00e9 technol\u00f3gie s\u00fa ur\u010den\u00e9 pre pitn\u00fa vodu, odpadov\u00fa vodu a priemyseln\u00e9 aplik\u00e1cie. Dod\u00e1vame syst\u00e9my na odstra\u0148ovanie \u010dast\u00edc, mal\u00fdch koloidn\u00fdch materi\u00e1lov, \u010di pevn\u00fdch \u010dast\u00edc.<\/p><\/div>\n\t\t\t\t<\/div>\n\t\t\t\t<\/div>\n\t\t\t\t\t\t<\/div>\n\t\t\t\t\t<\/div>\n\t\t<\/div>\n\t\t\t\t<div class=\"elementor-column elementor-col-50 elementor-top-column elementor-element elementor-element-26e28eb\" data-id=\"26e28eb\" data-element_type=\"column\">\n\t\t\t<div class=\"elementor-column-wrap elementor-element-populated\">\n\t\t\t\t\t\t\t<div class=\"elementor-widget-wrap\">\n\t\t\t\t\t\t<div class=\"elementor-element elementor-element-d9e9479 elementor-widget elementor-widget-image\" data-id=\"d9e9479\" data-element_type=\"widget\" data-widget_type=\"image.default\">\n\t\t\t\t<div class=\"elementor-widget-container\">\n\t\t\t\t\t<div class=\"elementor-image\">\n\t\t\t\t\t\t\t\t\t\t<img width=\"1024\" height=\"935\" src=\"https:\/\/chezar.sk\/wp-content\/uploads\/2021\/03\/Sni\u0301mka-obrazovky-2021-03-21-o-13.06.55-1024x935.png\" class=\"attachment-large size-large\" alt=\"Filtr\u00e1cie\" loading=\"lazy\" srcset=\"https:\/\/chezar.sk\/wp-content\/uploads\/2021\/03\/Sni\u0301mka-obrazovky-2021-03-21-o-13.06.55-1024x935.png 1024w, https:\/\/chezar.sk\/wp-content\/uploads\/2021\/03\/Sni\u0301mka-obrazovky-2021-03-21-o-13.06.55-300x274.png 300w, https:\/\/chezar.sk\/wp-content\/uploads\/2021\/03\/Sni\u0301mka-obrazovky-2021-03-21-o-13.06.55-768x701.png 768w, https:\/\/chezar.sk\/wp-content\/uploads\/2021\/03\/Sni\u0301mka-obrazovky-2021-03-21-o-13.06.55.png 1268w\" sizes=\"(max-width: 1024px) 100vw, 1024px\" \/>\t\t\t\t\t\t\t\t\t\t\t<\/div>\n\t\t\t\t<\/div>\n\t\t\t\t<\/div>\n\t\t\t\t\t\t<\/div>\n\t\t\t\t\t<\/div>\n\t\t<\/div>\n\t\t\t\t\t\t\t\t<\/div>\n\t\t\t\t\t<\/div>\n\t\t<\/section>\n\t\t\t\t<section class=\"elementor-section elementor-top-section elementor-element elementor-element-db43244 elementor-section-boxed elementor-section-height-default elementor-section-height-default\" data-id=\"db43244\" data-element_type=\"section\">\n\t\t\t\t\t\t<div class=\"elementor-container elementor-column-gap-default\">\n\t\t\t\t\t\t\t<div class=\"elementor-row\">\n\t\t\t\t\t<div class=\"elementor-column elementor-col-50 elementor-top-column elementor-element elementor-element-6b5a236\" data-id=\"6b5a236\" data-element_type=\"column\">\n\t\t\t<div class=\"elementor-column-wrap elementor-element-populated\">\n\t\t\t\t\t\t\t<div class=\"elementor-widget-wrap\">\n\t\t\t\t\t\t<div class=\"elementor-element elementor-element-bc610a1 elementor-widget elementor-widget-image\" data-id=\"bc610a1\" data-element_type=\"widget\" data-widget_type=\"image.default\">\n\t\t\t\t<div class=\"elementor-widget-container\">\n\t\t\t\t\t<div class=\"elementor-image\">\n\t\t\t\t\t\t\t\t\t\t<img width=\"1024\" height=\"684\" src=\"https:\/\/chezar.sk\/wp-content\/uploads\/2021\/03\/Sni\u0301mka-obrazovky-2021-03-21-o-13.09.51-1024x684.png\" class=\"attachment-large size-large\" alt=\"\" loading=\"lazy\" srcset=\"https:\/\/chezar.sk\/wp-content\/uploads\/2021\/03\/Sni\u0301mka-obrazovky-2021-03-21-o-13.09.51-1024x684.png 1024w, https:\/\/chezar.sk\/wp-content\/uploads\/2021\/03\/Sni\u0301mka-obrazovky-2021-03-21-o-13.09.51-300x200.png 300w, https:\/\/chezar.sk\/wp-content\/uploads\/2021\/03\/Sni\u0301mka-obrazovky-2021-03-21-o-13.09.51-768x513.png 768w, https:\/\/chezar.sk\/wp-content\/uploads\/2021\/03\/Sni\u0301mka-obrazovky-2021-03-21-o-13.09.51-1536x1026.png 1536w, https:\/\/chezar.sk\/wp-content\/uploads\/2021\/03\/Sni\u0301mka-obrazovky-2021-03-21-o-13.09.51.png 1664w\" sizes=\"(max-width: 1024px) 100vw, 1024px\" \/>\t\t\t\t\t\t\t\t\t\t\t<\/div>\n\t\t\t\t<\/div>\n\t\t\t\t<\/div>\n\t\t\t\t\t\t<\/div>\n\t\t\t\t\t<\/div>\n\t\t<\/div>\n\t\t\t\t<div class=\"elementor-column elementor-col-50 elementor-top-column elementor-element elementor-element-f03ad84\" data-id=\"f03ad84\" data-element_type=\"column\">\n\t\t\t<div class=\"elementor-column-wrap elementor-element-populated\">\n\t\t\t\t\t\t\t<div class=\"elementor-widget-wrap\">\n\t\t\t\t\t\t<div class=\"elementor-element elementor-element-db9ef12 elementor-widget elementor-widget-heading\" data-id=\"db9ef12\" data-element_type=\"widget\" data-widget_type=\"heading.default\">\n\t\t\t\t<div class=\"elementor-widget-container\">\n\t\t\t<h2 class=\"elementor-heading-title elementor-size-default\">Chemik\u00e1lie<\/h2>\t\t<\/div>\n\t\t\t\t<\/div>\n\t\t\t\t<div class=\"elementor-element elementor-element-2039dc1 elementor-widget elementor-widget-text-editor\" data-id=\"2039dc1\" data-element_type=\"widget\" data-widget_type=\"text-editor.default\">\n\t\t\t\t<div class=\"elementor-widget-container\">\n\t\t\t\t\t<div class=\"elementor-text-editor elementor-clearfix\"><p>Pre spr\u00e1vny chod Va\u0161ich membr\u00e1nov\u00fdch zariaden\u00ed<\/p><\/div>\n\t\t\t\t<\/div>\n\t\t\t\t<\/div>\n\t\t\t\t<div class=\"elementor-element elementor-element-d4c5b65 elementor-widget elementor-widget-text-editor\" data-id=\"d4c5b65\" data-element_type=\"widget\" data-widget_type=\"text-editor.default\">\n\t\t\t\t<div class=\"elementor-widget-container\">\n\t\t\t\t\t<div class=\"elementor-text-editor elementor-clearfix\"><p>Medzi d\u00f4le\u017eit\u00e9 s\u00fa\u010dasti membr\u00e1nov\u00fdch technol\u00f3gii patr\u00ed aj vhodn\u00e1 pred\u00faprava. Na\u0161e antiscalanty,<br \/>dechlora\u010dn\u00e9 \u010dinidl\u00e1 \u010di bioc\u00eddy poskytuj\u00fa spo\u013eahliv\u00e9ho partnera. Na \u010distenie a obnovovanie akt\u00fdvnych<br \/>povrchov membr\u00e1n sl\u00fa\u017eia kysl\u00e9 a z\u00e1sadit\u00e9 roztoky KLEEN.<\/p><\/div>\n\t\t\t\t<\/div>\n\t\t\t\t<\/div>\n\t\t\t\t\t\t<\/div>\n\t\t\t\t\t<\/div>\n\t\t<\/div>\n\t\t\t\t\t\t\t\t<\/div>\n\t\t\t\t\t<\/div>\n\t\t<\/section>\n\t\t\t\t<section class=\"elementor-section elementor-top-section elementor-element elementor-element-33df4e elementor-section-boxed elementor-section-height-default elementor-section-height-default\" data-id=\"33df4e\" data-element_type=\"section\">\n\t\t\t\t\t\t<div class=\"elementor-container elementor-column-gap-default\">\n\t\t\t\t\t\t\t<div class=\"elementor-row\">\n\t\t\t\t\t<div class=\"elementor-column elementor-col-100 elementor-top-column elementor-element elementor-element-2baac898\" data-id=\"2baac898\" data-element_type=\"column\">\n\t\t\t<div class=\"elementor-column-wrap elementor-element-populated\">\n\t\t\t\t\t\t\t<div class=\"elementor-widget-wrap\">\n\t\t\t\t\t\t<div class=\"elementor-element elementor-element-633cae65 elementor-widget elementor-widget-text-editor\" data-id=\"633cae65\" data-element_type=\"widget\" data-widget_type=\"text-editor.default\">\n\t\t\t\t<div class=\"elementor-widget-container\">\n\t\t\t\t\t<div class=\"elementor-text-editor elementor-clearfix\"><p><span style=\"font-size: 17px;\">Potrebujete viac inform\u00e1cii? Nev\u00e1hajte n\u00e1m nap\u00edsa\u0165 <\/span><a style=\"font-size: 17px; background-color: #ffffff;\" href=\"\/en\/kontakt\/\">here<\/a><span style=\"font-size: 17px;\">.<\/span><\/p><\/div>\n\t\t\t\t<\/div>\n\t\t\t\t<\/div>\n\t\t\t\t\t\t<\/div>\n\t\t\t\t\t<\/div>\n\t\t<\/div>\n\t\t\t\t\t\t\t\t<\/div>\n\t\t\t\t\t<\/div>\n\t\t<\/section>\n\t\t\t\t\t\t<\/div>\n\t\t\t\t\t\t<\/div>\n\t\t\t\t\t<\/div>","protected":false},"excerpt":{"rendered":"<p>produkty Spolo\u010dnos\u0165 CHEZAR spol s.r.o je \u0161pecializovan\u00fdm dod\u00e1vate\u013eom t\u00fdch najkvalitnej\u0161\u00edch produktov v oblasti membr\u00e1novej technol\u00f3gie. \u010ci u\u017e sa jedn\u00e1 o ultrafiltra\u010dn\u00e9 \u010di reverzne osmotick\u00e9 membr\u00e1ny, sedimenta\u010dn\u00e9 filtre alebo chemik\u00e1lie potrebn\u00e9 na \u00fapravu vody, zabezpe\u010dujeme vysok\u00fa kvalitu, kr\u00e1tku dobu dodania a v\u00fdhodn\u00fa cenu. Membr\u00e1ny Maximaliz\u00e1cia v\u00fd\u0165a\u017enosti produktu a kvality produktu Na\u0161e produktov\u00e9 portf\u00f3lio zah\u0155\u0148a r\u00f4zne typy [&hellip;]<\/p>","protected":false},"author":1,"featured_media":0,"parent":0,"menu_order":0,"comment_status":"closed","ping_status":"closed","template":"","meta":[],"yoast_head":"<!-- This site is optimized with the Yoast SEO plugin v16.0.2 - https:\/\/yoast.com\/wordpress\/plugins\/seo\/ -->\n<title>Produkty - CHEZAR spol. s r.o.<\/title>\n<link rel=\"canonical\" href=\"https:\/\/chezar.sk\/en\/produkty\/\" \/>\n<meta property=\"og:locale\" content=\"en_GB\" \/>\n<meta property=\"og:type\" content=\"article\" \/>\n<meta property=\"og:title\" content=\"Produkty - CHEZAR spol. s r.o.\" \/>\n<meta property=\"og:description\" content=\"produkty Spolo\u010dnos\u0165 CHEZAR spol s.r.o je \u0161pecializovan\u00fdm dod\u00e1vate\u013eom t\u00fdch najkvalitnej\u0161\u00edch produktov v oblasti membr\u00e1novej technol\u00f3gie. \u010ci u\u017e sa jedn\u00e1 o ultrafiltra\u010dn\u00e9 \u010di reverzne osmotick\u00e9 membr\u00e1ny, sedimenta\u010dn\u00e9 filtre alebo chemik\u00e1lie potrebn\u00e9 na \u00fapravu vody, zabezpe\u010dujeme vysok\u00fa kvalitu, kr\u00e1tku dobu dodania a v\u00fdhodn\u00fa cenu. Membr\u00e1ny Maximaliz\u00e1cia v\u00fd\u0165a\u017enosti produktu a kvality produktu Na\u0161e produktov\u00e9 portf\u00f3lio zah\u0155\u0148a r\u00f4zne typy [&hellip;]\" \/>\n<meta property=\"og:url\" content=\"https:\/\/chezar.sk\/en\/produkty\/\" \/>\n<meta property=\"og:site_name\" content=\"CHEZAR spol. s r.o.\" \/>\n<meta property=\"article:modified_time\" content=\"2021-03-21T12:13:07+00:00\" \/>\n<meta property=\"og:image\" content=\"https:\/\/chezar.sk\/wp-content\/uploads\/2021\/03\/Sni\u0301mka-obrazovky-2021-03-21-o-12.58.06-1017x1024.png\" \/>\n<meta name=\"twitter:card\" content=\"summary\" \/>\n<meta name=\"twitter:label1\" content=\"Estimated reading time\">\n\t<meta name=\"twitter:data1\" content=\"1 minute\">\n<script type=\"application\/ld+json\" class=\"yoast-schema-graph\">{\"@context\":\"https:\/\/schema.org\",\"@graph\":[{\"@type\":\"WebSite\",\"@id\":\"https:\/\/chezar.sk\/#website\",\"url\":\"https:\/\/chezar.sk\/\",\"name\":\"CHEZAR spol. s r.o.\",\"description\":\"Filtra\\u010dn\\u00e1 a separa\\u010dn\\u00e1 technika\",\"potentialAction\":[{\"@type\":\"SearchAction\",\"target\":\"https:\/\/chezar.sk\/?s={search_term_string}\",\"query-input\":\"required name=search_term_string\"}],\"inLanguage\":\"en-GB\"},{\"@type\":\"ImageObject\",\"@id\":\"https:\/\/chezar.sk\/produkty\/#primaryimage\",\"inLanguage\":\"en-GB\",\"url\":\"https:\/\/chezar.sk\/wp-content\/uploads\/2021\/03\/Sni\\u0301mka-obrazovky-2021-03-21-o-12.58.06.png\",\"width\":1478,\"height\":1488,\"caption\":\"membr\\u00e1ny\"},{\"@type\":\"WebPage\",\"@id\":\"https:\/\/chezar.sk\/produkty\/#webpage\",\"url\":\"https:\/\/chezar.sk\/produkty\/\",\"name\":\"Produkty - CHEZAR spol. s r.o.\",\"isPartOf\":{\"@id\":\"https:\/\/chezar.sk\/#website\"},\"primaryImageOfPage\":{\"@id\":\"https:\/\/chezar.sk\/produkty\/#primaryimage\"},\"datePublished\":\"2020-07-27T17:37:02+00:00\",\"dateModified\":\"2021-03-21T12:13:07+00:00\",\"breadcrumb\":{\"@id\":\"https:\/\/chezar.sk\/produkty\/#breadcrumb\"},\"inLanguage\":\"en-GB\",\"potentialAction\":[{\"@type\":\"ReadAction\",\"target\":[\"https:\/\/chezar.sk\/produkty\/\"]}]},{\"@type\":\"BreadcrumbList\",\"@id\":\"https:\/\/chezar.sk\/produkty\/#breadcrumb\",\"itemListElement\":[{\"@type\":\"ListItem\",\"position\":1,\"item\":{\"@type\":\"WebPage\",\"@id\":\"https:\/\/chezar.sk\/\",\"url\":\"https:\/\/chezar.sk\/\",\"name\":\"Domovsk\\u00e1 str\\u00e1nka\"}},{\"@type\":\"ListItem\",\"position\":2,\"item\":{\"@type\":\"WebPage\",\"@id\":\"https:\/\/chezar.sk\/produkty\/\",\"url\":\"https:\/\/chezar.sk\/produkty\/\",\"name\":\"Produkty\"}}]}]}<\/script>\n<!-- \/ Yoast SEO plugin. -->","uagb_featured_image_src":{"full":false,"thumbnail":false,"medium":false,"medium_large":false,"large":false,"1536x1536":false,"2048x2048":false,"trp-custom-language-flag":false},"uagb_author_info":{"display_name":"AnnaV","author_link":"https:\/\/chezar.sk\/en\/author\/annav\/"},"uagb_comment_info":0,"uagb_excerpt":"produkty Spolo\u010dnos\u0165 CHEZAR spol s.r.o je \u0161pecializovan\u00fdm dod\u00e1vate\u013eom t\u00fdch najkvalitnej\u0161\u00edch produktov v oblasti membr\u00e1novej technol\u00f3gie. \u010ci u\u017e sa jedn\u00e1 o ultrafiltra\u010dn\u00e9 \u010di reverzne osmotick\u00e9 membr\u00e1ny, sedimenta\u010dn\u00e9 filtre alebo chemik\u00e1lie potrebn\u00e9 na \u00fapravu vody, zabezpe\u010dujeme vysok\u00fa kvalitu, kr\u00e1tku dobu dodania a v\u00fdhodn\u00fa cenu. Membr\u00e1ny Maximaliz\u00e1cia v\u00fd\u0165a\u017enosti produktu a kvality produktu Na\u0161e produktov\u00e9 portf\u00f3lio zah\u0155\u0148a r\u00f4zne typy&hellip;","_links":{"self":[{"href":"https:\/\/chezar.sk\/en\/wp-json\/wp\/v2\/pages\/1690"}],"collection":[{"href":"https:\/\/chezar.sk\/en\/wp-json\/wp\/v2\/pages"}],"about":[{"href":"https:\/\/chezar.sk\/en\/wp-json\/wp\/v2\/types\/page"}],"author":[{"embeddable":true,"href":"https:\/\/chezar.sk\/en\/wp-json\/wp\/v2\/users\/1"}],"replies":[{"embeddable":true,"href":"https:\/\/chezar.sk\/en\/wp-json\/wp\/v2\/comments?post=1690"}],"version-history":[{"count":6,"href":"https:\/\/chezar.sk\/en\/wp-json\/wp\/v2\/pages\/1690\/revisions"}],"predecessor-version":[{"id":2019,"href":"https:\/\/chezar.sk\/en\/wp-json\/wp\/v2\/pages\/1690\/revisions\/2019"}],"wp:attachment":[{"href":"https:\/\/chezar.sk\/en\/wp-json\/wp\/v2\/media?parent=1690"}],"curies":[{"name":"wp","href":"https:\/\/api.w.org\/{rel}","templated":true}]}}